{"id":132966,"date":"2022-02-23T14:40:24","date_gmt":"2022-02-23T21:40:24","guid":{"rendered":"https:\/\/help.fooevents.com\/?page_id=132966"},"modified":"2026-04-01T03:03:15","modified_gmt":"2026-04-01T10:03:15","slug":"hodnoceni-zakazniku","status":"publish","type":"page","link":"https:\/\/help.fooevents.com\/cs\/contact\/customer-reviews\/","title":{"rendered":"Hodnocen\u00ed z\u00e1kazn\u00edk\u016f"},"content":{"rendered":"<div data-elementor-type=\"wp-page\" data-elementor-id=\"132966\" class=\"elementor elementor-132966\">\n\t\t\t\t\t\t<section class=\"elementor-section elementor-top-section elementor-element elementor-element-11bdde6 elementor-section-boxed elementor-section-height-default elementor-section-height-default\" data-id=\"11bdde6\" data-element_type=\"section\" data-e-type=\"section\" data-settings=\"{&quot;background_background&quot;:&quot;classic&quot;}\">\n\t\t\t\t\t\t\t<div class=\"elementor-background-overlay\"><\/div>\n\t\t\t\t\t\t\t<div class=\"elementor-container elementor-column-gap-default\">\n\t\t\t\t\t<div class=\"elementor-column elementor-col-25 elementor-top-column elementor-element elementor-element-40c6b10\" data-id=\"40c6b10\" data-element_type=\"column\" data-e-type=\"column\">\n\t\t\t<div class=\"elementor-widget-wrap\">\n\t\t\t\t\t\t\t<\/div>\n\t\t<\/div>\n\t\t\t\t<div class=\"elementor-column elementor-col-50 elementor-top-column elementor-element elementor-element-b39b91c\" data-id=\"b39b91c\" data-element_type=\"column\" data-e-type=\"column\">\n\t\t\t<div class=\"elementor-widget-wrap elementor-element-populated\">\n\t\t\t\t\t\t<div class=\"elementor-element elementor-element-23d36fa elementor-widget elementor-widget-heading\" data-id=\"23d36fa\" data-element_type=\"widget\" data-e-type=\"widget\" data-widget_type=\"heading.default\">\n\t\t\t\t<div class=\"elementor-widget-container\">\n\t\t\t\t\t<h2 class=\"elementor-heading-title elementor-size-default\">Odeslat recenzi<\/h2>\t\t\t\t<\/div>\n\t\t\t\t<\/div>\n\t\t\t\t<div class=\"elementor-element elementor-element-93d8e30 elementor-widget elementor-widget-text-editor\" data-id=\"93d8e30\" data-element_type=\"widget\" data-e-type=\"widget\" data-widget_type=\"text-editor.default\">\n\t\t\t\t<div class=\"elementor-widget-container\">\n\t\t\t\t\t\t\t\t\t<p>Upozor\u0148ujeme, \u017ee odesl\u00e1n\u00edm recenze souhlas\u00edte s t\u00edm, \u017ee v\u00e1s v p\u0159\u00edpad\u011b pot\u0159eby budeme kontaktovat, a d\u00e1v\u00e1te n\u00e1m svolen\u00ed k pou\u017eit\u00ed tohoto obsahu na webov\u00fdch str\u00e1nk\u00e1ch FooEvents a v jak\u00fdchkoli souvisej\u00edc\u00edch marketingov\u00fdch materi\u00e1lech.<\/p>\t\t\t\t\t\t\t\t<\/div>\n\t\t\t\t<\/div>\n\t\t\t\t<div class=\"elementor-element elementor-element-361b572 elementor-widget elementor-widget-void-section-cf7\" data-id=\"361b572\" data-element_type=\"widget\" data-e-type=\"widget\" data-widget_type=\"void-section-cf7.default\">\n\t\t\t\t<div class=\"elementor-widget-container\">\n\t\t\t\t\t<div class=\"void-cf7-form-widget-wrapper elementor-shortcode void-cf7-0\" data-void-cf7-contact-form-id=\"132965\">\n<div class=\"wpcf7 no-js\" id=\"wpcf7-f132965-o1\" lang=\"en-US\" dir=\"ltr\" data-wpcf7-id=\"132965\">\n<div class=\"screen-reader-response\"><p role=\"status\" aria-live=\"polite\" aria-atomic=\"true\"><\/p> <ul><\/ul><\/div>\n<form action=\"\/cs\/wp-json\/wp\/v2\/pages\/132966#wpcf7-f132965-o1\" method=\"post\" class=\"wpcf7-form init\" aria-label=\"Kontaktn\u00ed formul\u00e1\u0159\" novalidate=\"novalidate\" data-status=\"init\" data-trp-original-action=\"\/cs\/wp-json\/wp\/v2\/pages\/132966#wpcf7-f132965-o1\">\n<fieldset class=\"hidden-fields-container\"><input type=\"hidden\" name=\"_wpcf7\" value=\"132965\" \/><input type=\"hidden\" name=\"_wpcf7_version\" value=\"6.1.5\" \/><input type=\"hidden\" name=\"_wpcf7_locale\" value=\"en_US\" \/><input type=\"hidden\" name=\"_wpcf7_unit_tag\" value=\"wpcf7-f132965-o1\" \/><input type=\"hidden\" name=\"_wpcf7_container_post\" value=\"0\" \/><input type=\"hidden\" name=\"_wpcf7_posted_data_hash\" value=\"\" \/><input type=\"hidden\" name=\"_wpcf7_recaptcha_response\" value=\"\" \/>\n<\/fieldset>\n<p><span class=\"wpcf7-form-control-wrap\" data-name=\"your-name\"><input size=\"40\" maxlength=\"400\" class=\"wpcf7-form-control wpcf7-text wpcf7-validates-as-required\" aria-required=\"true\" aria-invalid=\"false\" placeholder=\"Jm\u00e9no *\" value=\"\" type=\"text\" name=\"your-name\" \/><\/span>\n<\/p>\n<p><span class=\"wpcf7-form-control-wrap\" data-name=\"your-email\"><input size=\"40\" maxlength=\"400\" class=\"wpcf7-form-control wpcf7-email wpcf7-validates-as-required wpcf7-text wpcf7-validates-as-email\" aria-required=\"true\" aria-invalid=\"false\" placeholder=\"E-mailov\u00e1 adresa *\" value=\"\" type=\"email\" name=\"your-email\" \/><\/span>\n<\/p>\n<p><span class=\"wpcf7-form-control-wrap\" data-name=\"product\"><select class=\"wpcf7-form-control wpcf7-select\" aria-invalid=\"false\" name=\"product\"><option value=\"Select Product\">Vybrat produkt<\/option><option value=\"General Review\">Obecn\u00e1 recenze<\/option><option value=\"FooEvents for WooCommerce\">FooEvents pro WooCommerce<\/option><option value=\"FooEvents Bookings\">FooEvents Rezervace<\/option><option value=\"FooEvents PDF Tickets\">Vstupenky FooEvents PDF<\/option><option value=\"FooEvents Custom Attendee Fields\">FooEvents Vlastn\u00ed pole pro \u00fa\u010dastn\u00edky<\/option><option value=\"FooEvents Multi-day\">FooEvents V\u00edcedenn\u00ed<\/option><option value=\"FooEvents Calendar\">FooEvents Kalend\u00e1\u0159<\/option><option value=\"FooEvents Seating\">FooEvents Sedadla<\/option><option value=\"FooEvents Express Check-in\">Expresn\u00ed odbaven\u00ed FooEvents<\/option><option value=\"FooEvents Ticket Themes\">FooEvents Motivy vstupenek<\/option><\/select><\/span>\n<\/p>\n<p><span class=\"wpcf7-form-control-wrap\" data-name=\"star-rating\"><select class=\"wpcf7-form-control wpcf7-select wpcf7-validates-as-required\" aria-required=\"true\" aria-invalid=\"false\" name=\"star-rating\"><option value=\"Select Star Rating\">Vyberte hv\u011bzdi\u010dkov\u00e9 hodnocen\u00ed<\/option><option value=\"5 Stars\">5 hv\u011bzdi\u010dek<\/option><option value=\"4 Stars\">4 hv\u011bzdi\u010dky<\/option><option value=\"3 Stars\">3 hv\u011bzdi\u010dky<\/option><option value=\"2 Stars\">2 hv\u011bzdi\u010dky<\/option><option value=\"1 Stars\">1 hv\u011bzdi\u010dka<\/option><option value=\"0 Stars\">0 hv\u011bzdi\u010dek<\/option><\/select><\/span>\n<\/p>\n<p><span class=\"wpcf7-form-control-wrap\" data-name=\"your-website\"><input size=\"40\" maxlength=\"400\" class=\"wpcf7-form-control wpcf7-text\" aria-invalid=\"false\" placeholder=\"Adresa URL webov\u00e9 str\u00e1nky (nepovinn\u00e9)\" value=\"\" type=\"text\" name=\"your-website\" \/><\/span>\n<\/p>\n<p><span class=\"wpcf7-form-control-wrap\" data-name=\"your-subject\"><input size=\"40\" maxlength=\"400\" class=\"wpcf7-form-control wpcf7-text wpcf7-validates-as-required\" aria-required=\"true\" aria-invalid=\"false\" placeholder=\"N\u00e1zev recenze *\" value=\"\" type=\"text\" name=\"your-subject\" \/><\/span>\n<\/p>\n<p><span class=\"wpcf7-form-control-wrap\" data-name=\"your-message\"><textarea cols=\"40\" rows=\"10\" maxlength=\"30000\" class=\"wpcf7-form-control wpcf7-textarea wpcf7-validates-as-required\" aria-required=\"true\" aria-invalid=\"false\" placeholder=\"Recenze *\" name=\"your-message\"><\/textarea><\/span>\n<\/p>\n<p><input class=\"wpcf7-form-control wpcf7-submit has-spinner\" type=\"submit\" value=\"Odeslat recenzi\" \/>\n<\/p><div class=\"wpcf7-response-output\" aria-hidden=\"true\"><\/div>\n<input type=\"hidden\" name=\"trp-form-language\" value=\"cs\"\/><\/form>\n<\/div>\n<\/div> \t\t\t<script>\r\n \t\t\t        var theform = document.querySelector('.void-cf7-0');\r\n\t\t\t\t\t\ttheform.addEventListener( 'wpcf7mailsent', function( event ) {\r\n\t\t\t\t\t    location = 'https:\/\/help.fooevents.com\/cs\/contact\/customer-reviews\/';\r\n\t\t\t\t\t}, false );\r\n\t\t\t<\/script>\r\n\r\n\t\t\t\t\t\t<\/div>\n\t\t\t\t<\/div>\n\t\t\t\t\t<\/div>\n\t\t<\/div>\n\t\t\t\t<div class=\"elementor-column elementor-col-25 elementor-top-column elementor-element elementor-element-1bea1d7\" data-id=\"1bea1d7\" data-element_type=\"column\" data-e-type=\"column\">\n\t\t\t<div class=\"elementor-widget-wrap\">\n\t\t\t\t\t\t\t<\/div>\n\t\t<\/div>\n\t\t\t\t\t<\/div>\n\t\t<\/section>\n\t\t\t\t<\/div>","protected":false},"excerpt":{"rendered":"<p>Submit a Review Please note that by submitting a review, you agree to us contacting you if required and give us permission to use this content on the FooEvents website and any related marketing material. Select ProductGeneral ReviewFooEvents for WooCommerceFooEvents BookingsFooEvents PDF TicketsFooEvents Custom Attendee FieldsFooEvents Multi-dayFooEvents CalendarFooEvents SeatingFooEvents Express Check-inFooEvents Ticket Themes Select Star [&hellip;]<\/p>\n","protected":false},"author":1,"featured_media":0,"parent":3210,"menu_order":0,"comment_status":"closed","ping_status":"closed","template":"","meta":{"site-sidebar-layout":"no-sidebar","site-content-layout":"page-builder","ast-site-content-layout":"default","site-content-style":"default","site-sidebar-style":"default","ast-global-header-display":"","ast-banner-title-visibility":"","ast-main-header-display":"","ast-hfb-above-header-display":"","ast-hfb-below-header-display":"","ast-hfb-mobile-header-display":"","site-post-title":"disabled","ast-breadcrumbs-content":"","ast-featured-img":"disabled","footer-sml-layout":"","ast-disable-related-posts":"","theme-transparent-header-meta":"","adv-header-id-meta":"","stick-header-meta":"","header-above-stick-meta":"","header-main-stick-meta":"","header-below-stick-meta":"","astra-migrate-meta-layouts":"default","ast-page-background-enabled":"default","ast-page-background-meta":{"desktop":{"background-color":"","background-image":"","background-repeat":"repeat","background-position":"center center","background-size":"auto","background-attachment":"scroll","background-type":"","background-media":"","overlay-type":"","overlay-color":"","overlay-opacity":"","overlay-gradient":""},"tablet":{"background-color":"","background-image":"","background-repeat":"repeat","background-position":"center center","background-size":"auto","background-attachment":"scroll","background-type":"","background-media":"","overlay-type":"","overlay-color":"","overlay-opacity":"","overlay-gradient":""},"mobile":{"background-color":"","background-image":"","background-repeat":"repeat","background-position":"center center","background-size":"auto","background-attachment":"scroll","background-type":"","background-media":"","overlay-type":"","overlay-color":"","overlay-opacity":"","overlay-gradient":""}},"ast-content-background-meta":{"desktop":{"background-color":"var(--ast-global-color-5)","background-image":"","background-repeat":"repeat","background-position":"center center","background-size":"auto","background-attachment":"scroll","background-type":"","background-media":"","overlay-type":"","overlay-color":"","overlay-opacity":"","overlay-gradient":""},"tablet":{"background-color":"var(--ast-global-color-5)","background-image":"","background-repeat":"repeat","background-position":"center center","background-size":"auto","background-attachment":"scroll","background-type":"","background-media":"","overlay-type":"","overlay-color":"","overlay-opacity":"","overlay-gradient":""},"mobile":{"background-color":"var(--ast-global-color-5)","background-image":"","background-repeat":"repeat","background-position":"center center","background-size":"auto","background-attachment":"scroll","background-type":"","background-media":"","overlay-type":"","overlay-color":"","overlay-opacity":"","overlay-gradient":""}},"footnotes":""},"class_list":["post-132966","page","type-page","status-publish","hentry"],"_links":{"self":[{"href":"https:\/\/help.fooevents.com\/cs\/wp-json\/wp\/v2\/pages\/132966","targetHints":{"allow":["GET"]}}],"collection":[{"href":"https:\/\/help.fooevents.com\/cs\/wp-json\/wp\/v2\/pages"}],"about":[{"href":"https:\/\/help.fooevents.com\/cs\/wp-json\/wp\/v2\/types\/page"}],"author":[{"embeddable":true,"href":"https:\/\/help.fooevents.com\/cs\/wp-json\/wp\/v2\/users\/1"}],"replies":[{"embeddable":true,"href":"https:\/\/help.fooevents.com\/cs\/wp-json\/wp\/v2\/comments?post=132966"}],"version-history":[{"count":3,"href":"https:\/\/help.fooevents.com\/cs\/wp-json\/wp\/v2\/pages\/132966\/revisions"}],"predecessor-version":[{"id":147204,"href":"https:\/\/help.fooevents.com\/cs\/wp-json\/wp\/v2\/pages\/132966\/revisions\/147204"}],"up":[{"embeddable":true,"href":"https:\/\/help.fooevents.com\/cs\/wp-json\/wp\/v2\/pages\/3210"}],"wp:attachment":[{"href":"https:\/\/help.fooevents.com\/cs\/wp-json\/wp\/v2\/media?parent=132966"}],"curies":[{"name":"wp","href":"https:\/\/api.w.org\/{rel}","templated":true}]}}