{"id":134931,"date":"2024-01-24T23:38:29","date_gmt":"2024-01-25T07:38:29","guid":{"rendered":"https:\/\/help.fooevents.com\/?page_id=134931"},"modified":"2026-04-01T03:04:43","modified_gmt":"2026-04-01T10:04:43","slug":"zmeny-prekladu","status":"publish","type":"page","link":"https:\/\/help.fooevents.com\/cs\/contact\/translation-changes\/","title":{"rendered":"Zm\u011bny p\u0159ekladu"},"content":{"rendered":"<div data-elementor-type=\"wp-page\" data-elementor-id=\"134931\" class=\"elementor elementor-134931\">\n\t\t\t\t\t\t<section class=\"elementor-section elementor-top-section elementor-element elementor-element-4aab605 elementor-section-boxed elementor-section-height-default elementor-section-height-default\" data-id=\"4aab605\" data-element_type=\"section\" data-e-type=\"section\" data-settings=\"{&quot;background_background&quot;:&quot;classic&quot;}\">\n\t\t\t\t\t\t\t<div class=\"elementor-background-overlay\"><\/div>\n\t\t\t\t\t\t\t<div class=\"elementor-container elementor-column-gap-default\">\n\t\t\t\t\t<div class=\"elementor-column elementor-col-25 elementor-top-column elementor-element elementor-element-f18fe1c\" data-id=\"f18fe1c\" data-element_type=\"column\" data-e-type=\"column\">\n\t\t\t<div class=\"elementor-widget-wrap\">\n\t\t\t\t\t\t\t<\/div>\n\t\t<\/div>\n\t\t\t\t<div class=\"elementor-column elementor-col-50 elementor-top-column elementor-element elementor-element-c04e76f\" data-id=\"c04e76f\" data-element_type=\"column\" data-e-type=\"column\">\n\t\t\t<div class=\"elementor-widget-wrap elementor-element-populated\">\n\t\t\t\t\t\t<div class=\"elementor-element elementor-element-5d4b58d elementor-widget elementor-widget-heading\" data-id=\"5d4b58d\" data-element_type=\"widget\" data-e-type=\"widget\" data-widget_type=\"heading.default\">\n\t\t\t\t<div class=\"elementor-widget-container\">\n\t\t\t\t\t<h2 class=\"elementor-heading-title elementor-size-default\">Zm\u011bny p\u0159ekladu<\/h2>\t\t\t\t<\/div>\n\t\t\t\t<\/div>\n\t\t\t\t<div class=\"elementor-element elementor-element-f00218d elementor-widget elementor-widget-text-editor\" data-id=\"f00218d\" data-element_type=\"widget\" data-e-type=\"widget\" data-widget_type=\"text-editor.default\">\n\t\t\t\t<div class=\"elementor-widget-container\">\n\t\t\t\t\t\t\t\t\t<p>Sna\u017e\u00edme se zajistit, aby <a href=\"https:\/\/help.fooevents.com\/cs\/dokumenty\/temata\/preklady\/podporovane-jazyky\/\">p\u0159eklady<\/a> jsou aktu\u00e1ln\u00ed a p\u0159esn\u00e9, ale pokud naraz\u00edte na chybu nebo nep\u0159esn\u00e9 pou\u017eit\u00ed jazyka, dejte n\u00e1m pros\u00edm v\u011bd\u011bt vypln\u011bn\u00edm n\u00ed\u017ee uveden\u00e9ho formul\u00e1\u0159e. Pokud m\u00e1te v\u00edce n\u00e1vrh\u016f, za\u0161lete ka\u017edou navrhovanou zm\u011bnu zvl\u00e1\u0161\u0165.<\/p>\t\t\t\t\t\t\t\t<\/div>\n\t\t\t\t<\/div>\n\t\t\t\t<div class=\"elementor-element elementor-element-b3381c3 elementor-widget elementor-widget-void-section-cf7\" data-id=\"b3381c3\" data-element_type=\"widget\" data-e-type=\"widget\" data-widget_type=\"void-section-cf7.default\">\n\t\t\t\t<div class=\"elementor-widget-container\">\n\t\t\t\t\t<div class=\"void-cf7-form-widget-wrapper elementor-shortcode void-cf7-0\" data-void-cf7-contact-form-id=\"134930\">\n<div class=\"wpcf7 no-js\" id=\"wpcf7-f134930-o1\" lang=\"en-US\" dir=\"ltr\" data-wpcf7-id=\"134930\">\n<div class=\"screen-reader-response\"><p role=\"status\" aria-live=\"polite\" aria-atomic=\"true\"><\/p> <ul><\/ul><\/div>\n<form action=\"\/cs\/wp-json\/wp\/v2\/pages\/134931#wpcf7-f134930-o1\" method=\"post\" class=\"wpcf7-form init\" aria-label=\"Kontaktn\u00ed formul\u00e1\u0159\" novalidate=\"novalidate\" data-status=\"init\" data-trp-original-action=\"\/cs\/wp-json\/wp\/v2\/pages\/134931#wpcf7-f134930-o1\">\n<fieldset class=\"hidden-fields-container\"><input type=\"hidden\" name=\"_wpcf7\" value=\"134930\" \/><input type=\"hidden\" name=\"_wpcf7_version\" value=\"6.1.5\" \/><input type=\"hidden\" name=\"_wpcf7_locale\" value=\"en_US\" \/><input type=\"hidden\" name=\"_wpcf7_unit_tag\" value=\"wpcf7-f134930-o1\" \/><input type=\"hidden\" name=\"_wpcf7_container_post\" value=\"0\" \/><input type=\"hidden\" name=\"_wpcf7_posted_data_hash\" value=\"\" \/><input type=\"hidden\" name=\"_wpcf7_recaptcha_response\" value=\"\" \/>\n<\/fieldset>\n<p><span class=\"wpcf7-form-control-wrap\" data-name=\"your-name\"><input size=\"40\" maxlength=\"400\" class=\"wpcf7-form-control wpcf7-text wpcf7-validates-as-required\" aria-required=\"true\" aria-invalid=\"false\" placeholder=\"Jm\u00e9no *\" value=\"\" type=\"text\" name=\"your-name\" \/><\/span>\n<\/p>\n<p><span class=\"wpcf7-form-control-wrap\" data-name=\"your-email\"><input size=\"40\" maxlength=\"400\" class=\"wpcf7-form-control wpcf7-email wpcf7-validates-as-required wpcf7-text wpcf7-validates-as-email\" aria-required=\"true\" aria-invalid=\"false\" placeholder=\"E-mailov\u00e1 adresa *\" value=\"\" type=\"email\" name=\"your-email\" \/><\/span>\n<\/p>\n<p><span class=\"wpcf7-form-control-wrap\" data-name=\"plugin\"><select class=\"wpcf7-form-control wpcf7-select\" aria-invalid=\"false\" name=\"plugin\"><option value=\"Select Product\">Vybrat produkt<\/option><option value=\"FooEvents for WooCommerce\">FooEvents pro WooCommerce<\/option><option value=\"FooEvents Bookings\">FooEvents Rezervace<\/option><option value=\"FooEvents Point of Sale\">FooEvents Prodejn\u00ed m\u00edsto<\/option><option value=\"FooEvents PDF Tickets\">Vstupenky FooEvents PDF<\/option><option value=\"FooEvents Custom Attendee Fields\">FooEvents Vlastn\u00ed pole pro \u00fa\u010dastn\u00edky<\/option><option value=\"FooEvents Multi-day\">FooEvents V\u00edcedenn\u00ed<\/option><option value=\"FooEvents Calendar\">FooEvents Kalend\u00e1\u0159<\/option><option value=\"FooEvents Seating\">FooEvents Sedadla<\/option><option value=\"FooEvents Express Check-in\">Expresn\u00ed odbaven\u00ed FooEvents<\/option><option value=\"FooEvents Check-ins App\">Aplikace FooEvents Check-ins<\/option><\/select><\/span>\n<\/p>\n<p><span class=\"wpcf7-form-control-wrap\" data-name=\"language\"><select class=\"wpcf7-form-control wpcf7-select wpcf7-validates-as-required\" aria-required=\"true\" aria-invalid=\"false\" name=\"language\"><option value=\"Select Language\/Translation\">Vyberte jazyk\/p\u0159eklad<\/option><option value=\"Afrikaans af\">Afrik\u00e1n\u0161tina af<\/option><option value=\"Catalan ca\">Katal\u00e1n\u0161tina ca<\/option><option value=\"Czech cs_CZ\">\u010cesk\u00fd cs_CZ<\/option><option value=\"German de_AT\">N\u011bmeck\u00fd de_AT<\/option><option value=\"German de_CH\">N\u011bmeck\u00fd de_CH<\/option><option value=\"German de_DE\">N\u011bm\u010dina de_DE<\/option><option value=\"Spanish es_AR\u0192\">\u0160pan\u011bl\u0161tina es_AR\u0192<\/option><option value=\"Spanish es_CL\">\u0160pan\u011bl\u0161tina es_CL<\/option><option value=\"Spanish es_CO\">\u0160pan\u011bl\u0161tina es_CO<\/option><option value=\"Spanish es_CR\">\u0160pan\u011bl\u0161tina es_CR<\/option><option value=\"Spanish es_DO\">\u0160pan\u011bl\u0161tina es_DO<\/option><option value=\"Spanish es_EC\">\u0160pan\u011bl\u0161tina es_EC<\/option><option value=\"Spanish es_ES\">\u0160pan\u011bl\u0161tina es_ES<\/option><option value=\"Spanish es_GT\">\u0160pan\u011bl\u0161tina es_GT<\/option><option value=\"Spanish es_HN\">\u0160pan\u011bl\u0161tina es_HN<\/option><option value=\"Spanish es_MX\">\u0160pan\u011bl\u0161tina es_MX<\/option><option value=\"Spanish es_PE\">\u0160pan\u011bl\u0161tina es_PE<\/option><option value=\"Spanish es_PR\">\u0160pan\u011bl\u0161tina es_PR<\/option><option value=\"Spanish es_UY\">\u0160pan\u011bl\u0161tina es_UY<\/option><option value=\"Spanish es_VE\">\u0160pan\u011bl\u0161tina es_VE<\/option><option value=\"French fr_BE\">Francouz\u0161tina fr_BE<\/option><option value=\"French fr_CA\">Francouz\u0161tina fr_CA<\/option><option value=\"French fr_FR\">Francouz\u0161tina fr_FR<\/option><option value=\"Italian it_IT\">Italsk\u00fd it_IT<\/option><option value=\"Dutch nl_BE\">Nizozem\u0161tina nl_BE<\/option><option value=\"Dutch nl_NL\">Nizozem\u0161tina nl_NL<\/option><option value=\"Portuguese pt_BR\">Portugal\u0161tina pt_BR<\/option><option value=\"Portuguese pt_PT\">Portugal\u0161tina pt_PT<\/option><\/select><\/span>\n<\/p>\n<p><span class=\"wpcf7-form-control-wrap\" data-name=\"phrase_current\"><input size=\"40\" maxlength=\"400\" class=\"wpcf7-form-control wpcf7-text wpcf7-validates-as-required\" aria-required=\"true\" aria-invalid=\"false\" placeholder=\"Nespr\u00e1vn\u00e9 slovo nebo slovn\u00ed spojen\u00ed\" value=\"\" type=\"text\" name=\"phrase_current\" \/><\/span>\n<\/p>\n<p><span class=\"wpcf7-form-control-wrap\" data-name=\"phrase_suggested\"><input size=\"40\" maxlength=\"400\" class=\"wpcf7-form-control wpcf7-text wpcf7-validates-as-required\" aria-required=\"true\" aria-invalid=\"false\" placeholder=\"Spr\u00e1vn\u00e9 slovo nebo slovn\u00ed spojen\u00ed\" value=\"\" type=\"text\" name=\"phrase_suggested\" \/><\/span>\n<\/p>\n<p><span class=\"wpcf7-form-control-wrap\" data-name=\"message\"><textarea cols=\"40\" rows=\"10\" maxlength=\"30000\" class=\"wpcf7-form-control wpcf7-textarea wpcf7-validates-as-required\" aria-required=\"true\" aria-invalid=\"false\" placeholder=\"Zpr\u00e1va \/ vysv\u011btlen\u00ed\" name=\"message\"><\/textarea><\/span>\n<\/p>\n<p><input class=\"wpcf7-form-control wpcf7-submit has-spinner\" type=\"submit\" value=\"Odeslat \u017e\u00e1dost o zm\u011bnu\" \/>\n<\/p><div class=\"wpcf7-response-output\" aria-hidden=\"true\"><\/div>\n<input type=\"hidden\" name=\"trp-form-language\" value=\"cs\"\/><\/form>\n<\/div>\n<\/div> \t\t\t<script>\r\n \t\t\t        var theform = document.querySelector('.void-cf7-0');\r\n\t\t\t\t\t\ttheform.addEventListener( 'wpcf7mailsent', function( event ) {\r\n\t\t\t\t\t    location = 'https:\/\/help.fooevents.com\/cs\/contact\/translation-changes\/';\r\n\t\t\t\t\t}, false );\r\n\t\t\t<\/script>\r\n\r\n\t\t\t\t\t\t<\/div>\n\t\t\t\t<\/div>\n\t\t\t\t\t<\/div>\n\t\t<\/div>\n\t\t\t\t<div class=\"elementor-column elementor-col-25 elementor-top-column elementor-element elementor-element-aeca01d\" data-id=\"aeca01d\" data-element_type=\"column\" data-e-type=\"column\">\n\t\t\t<div class=\"elementor-widget-wrap\">\n\t\t\t\t\t\t\t<\/div>\n\t\t<\/div>\n\t\t\t\t\t<\/div>\n\t\t<\/section>\n\t\t\t\t<\/div>","protected":false},"excerpt":{"rendered":"<p>Translation Changes We do our best to ensure translations are up to date and accurate, but should you come across an error or inaccurate use of language, please let us know by completing the form below. If you have multiple suggestions, please submit each suggested change separately. Select ProductFooEvents for WooCommerceFooEvents BookingsFooEvents Point of SaleFooEvents [&hellip;]<\/p>\n","protected":false},"author":6,"featured_media":0,"parent":3210,"menu_order":0,"comment_status":"closed","ping_status":"closed","template":"","meta":{"site-sidebar-layout":"no-sidebar","site-content-layout":"page-builder","ast-site-content-layout":"full-width-container","site-content-style":"default","site-sidebar-style":"default","ast-global-header-display":"","ast-banner-title-visibility":"","ast-main-header-display":"","ast-hfb-above-header-display":"","ast-hfb-below-header-display":"","ast-hfb-mobile-header-display":"","site-post-title":"disabled","ast-breadcrumbs-content":"","ast-featured-img":"disabled","footer-sml-layout":"","ast-disable-related-posts":"","theme-transparent-header-meta":"default","adv-header-id-meta":"","stick-header-meta":"default","header-above-stick-meta":"","header-main-stick-meta":"","header-below-stick-meta":"","astra-migrate-meta-layouts":"set","ast-page-background-enabled":"default","ast-page-background-meta":{"desktop":{"background-color":"","background-image":"","background-repeat":"repeat","background-position":"center center","background-size":"auto","background-attachment":"scroll","background-type":"","background-media":"","overlay-type":"","overlay-color":"","overlay-opacity":"","overlay-gradient":""},"tablet":{"background-color":"","background-image":"","background-repeat":"repeat","background-position":"center center","background-size":"auto","background-attachment":"scroll","background-type":"","background-media":"","overlay-type":"","overlay-color":"","overlay-opacity":"","overlay-gradient":""},"mobile":{"background-color":"","background-image":"","background-repeat":"repeat","background-position":"center center","background-size":"auto","background-attachment":"scroll","background-type":"","background-media":"","overlay-type":"","overlay-color":"","overlay-opacity":"","overlay-gradient":""}},"ast-content-background-meta":{"desktop":{"background-color":"var(--ast-global-color-5)","background-image":"","background-repeat":"repeat","background-position":"center center","background-size":"auto","background-attachment":"scroll","background-type":"","background-media":"","overlay-type":"","overlay-color":"","overlay-opacity":"","overlay-gradient":""},"tablet":{"background-color":"var(--ast-global-color-5)","background-image":"","background-repeat":"repeat","background-position":"center center","background-size":"auto","background-attachment":"scroll","background-type":"","background-media":"","overlay-type":"","overlay-color":"","overlay-opacity":"","overlay-gradient":""},"mobile":{"background-color":"var(--ast-global-color-5)","background-image":"","background-repeat":"repeat","background-position":"center center","background-size":"auto","background-attachment":"scroll","background-type":"","background-media":"","overlay-type":"","overlay-color":"","overlay-opacity":"","overlay-gradient":""}},"footnotes":""},"class_list":["post-134931","page","type-page","status-publish","hentry"],"_links":{"self":[{"href":"https:\/\/help.fooevents.com\/cs\/wp-json\/wp\/v2\/pages\/134931","targetHints":{"allow":["GET"]}}],"collection":[{"href":"https:\/\/help.fooevents.com\/cs\/wp-json\/wp\/v2\/pages"}],"about":[{"href":"https:\/\/help.fooevents.com\/cs\/wp-json\/wp\/v2\/types\/page"}],"author":[{"embeddable":true,"href":"https:\/\/help.fooevents.com\/cs\/wp-json\/wp\/v2\/users\/6"}],"replies":[{"embeddable":true,"href":"https:\/\/help.fooevents.com\/cs\/wp-json\/wp\/v2\/comments?post=134931"}],"version-history":[{"count":3,"href":"https:\/\/help.fooevents.com\/cs\/wp-json\/wp\/v2\/pages\/134931\/revisions"}],"predecessor-version":[{"id":147237,"href":"https:\/\/help.fooevents.com\/cs\/wp-json\/wp\/v2\/pages\/134931\/revisions\/147237"}],"up":[{"embeddable":true,"href":"https:\/\/help.fooevents.com\/cs\/wp-json\/wp\/v2\/pages\/3210"}],"wp:attachment":[{"href":"https:\/\/help.fooevents.com\/cs\/wp-json\/wp\/v2\/media?parent=134931"}],"curies":[{"name":"wp","href":"https:\/\/api.w.org\/{rel}","templated":true}]}}