{"id":131620,"date":"2020-09-10T03:10:35","date_gmt":"2020-09-10T09:10:35","guid":{"rendered":"https:\/\/help.fooevents.com\/?page_id=131620"},"modified":"2026-04-03T02:14:48","modified_gmt":"2026-04-03T09:14:48","slug":"reichen-sie-ihre-geschichte-ein","status":"publish","type":"page","link":"https:\/\/help.fooevents.com\/de\/contact\/submit-your-story\/","title":{"rendered":"Reichen Sie Ihre Geschichte ein"},"content":{"rendered":"<div data-elementor-type=\"wp-page\" data-elementor-id=\"131620\" class=\"elementor elementor-131620\">\n\t\t\t\t\t\t<section class=\"elementor-section elementor-top-section elementor-element elementor-element-2a78232 elementor-section-boxed elementor-section-height-default elementor-section-height-default\" data-id=\"2a78232\" data-element_type=\"section\" data-e-type=\"section\" data-settings=\"{&quot;background_background&quot;:&quot;classic&quot;}\">\n\t\t\t\t\t\t\t<div class=\"elementor-background-overlay\"><\/div>\n\t\t\t\t\t\t\t<div class=\"elementor-container elementor-column-gap-default\">\n\t\t\t\t\t<div class=\"elementor-column elementor-col-25 elementor-top-column elementor-element elementor-element-de95f37\" data-id=\"de95f37\" data-element_type=\"column\" data-e-type=\"column\">\n\t\t\t<div class=\"elementor-widget-wrap\">\n\t\t\t\t\t\t\t<\/div>\n\t\t<\/div>\n\t\t\t\t<div class=\"elementor-column elementor-col-50 elementor-top-column elementor-element elementor-element-b3dae88\" data-id=\"b3dae88\" data-element_type=\"column\" data-e-type=\"column\">\n\t\t\t<div class=\"elementor-widget-wrap elementor-element-populated\">\n\t\t\t\t\t\t<div class=\"elementor-element elementor-element-825c6dd elementor-widget elementor-widget-heading\" data-id=\"825c6dd\" data-element_type=\"widget\" data-e-type=\"widget\" data-widget_type=\"heading.default\">\n\t\t\t\t<div class=\"elementor-widget-container\">\n\t\t\t\t\t<h2 class=\"elementor-heading-title elementor-size-default\">Reichen Sie Ihre Erfolgsgeschichte ein!<\/h2>\t\t\t\t<\/div>\n\t\t\t\t<\/div>\n\t\t\t\t<div class=\"elementor-element elementor-element-8607cf7 elementor-widget elementor-widget-heading\" data-id=\"8607cf7\" data-element_type=\"widget\" data-e-type=\"widget\" data-widget_type=\"heading.default\">\n\t\t\t\t<div class=\"elementor-widget-container\">\n\t\t\t\t\t<p class=\"elementor-heading-title elementor-size-default\">Wir w\u00fcrden gerne mehr \u00fcber unsere Kunden erfahren und ihre Erfolgsgeschichten h\u00f6ren, damit wir sie mit der FooEvents-Community teilen k\u00f6nnen.<\/p>\t\t\t\t<\/div>\n\t\t\t\t<\/div>\n\t\t\t\t<div class=\"elementor-element elementor-element-850a5bf elementor-widget elementor-widget-text-editor\" data-id=\"850a5bf\" data-element_type=\"widget\" data-e-type=\"widget\" data-widget_type=\"text-editor.default\">\n\t\t\t\t<div class=\"elementor-widget-container\">\n\t\t\t\t\t\t\t\t\t<div class=\"wpb_text_column wpb_content_element\"><div class=\"wpb_wrapper\"><p>Alle Einsendungen werden gepr\u00fcft, und wenn Ihre Geschichte ausgew\u00e4hlt wird, werden Sie auf unserer Website beworben und erhalten einen Gutschein f\u00fcr ein\u00a0<strong>kostenloses FooEvents-Premium-Paket<\/strong>!<\/p><p>Bitte beachten Sie, dass Sie uns mit der Einsendung Ihrer Geschichte erlauben, Sie bei Bedarf zu kontaktieren und uns die Erlaubnis erteilen, diesen Inhalt auf der FooEvents-Website und in damit verbundenem Marketingmaterial zu verwenden.<\/p><\/div><\/div>\t\t\t\t\t\t\t\t<\/div>\n\t\t\t\t<\/div>\n\t\t\t\t<div class=\"elementor-element elementor-element-cc1fc26 elementor-widget elementor-widget-void-section-cf7\" data-id=\"cc1fc26\" data-element_type=\"widget\" data-e-type=\"widget\" data-widget_type=\"void-section-cf7.default\">\n\t\t\t\t<div class=\"elementor-widget-container\">\n\t\t\t\t\t<div class=\"void-cf7-form-widget-wrapper elementor-shortcode void-cf7-0\" data-void-cf7-contact-form-id=\"10253\">\n<div class=\"wpcf7 no-js\" id=\"wpcf7-f10253-o1\" lang=\"en-US\" dir=\"ltr\" data-wpcf7-id=\"10253\">\n<div class=\"screen-reader-response\"><p role=\"status\" aria-live=\"polite\" aria-atomic=\"true\"><\/p> <ul><\/ul><\/div>\n<form action=\"\/de\/wp-json\/wp\/v2\/pages\/131620#wpcf7-f10253-o1\" method=\"post\" class=\"wpcf7-form init\" aria-label=\"Kontakt-Formular\" novalidate=\"novalidate\" data-status=\"init\" data-trp-original-action=\"\/de\/wp-json\/wp\/v2\/pages\/131620#wpcf7-f10253-o1\">\n<fieldset class=\"hidden-fields-container\"><input type=\"hidden\" name=\"_wpcf7\" value=\"10253\" \/><input type=\"hidden\" name=\"_wpcf7_version\" value=\"6.1.5\" \/><input type=\"hidden\" name=\"_wpcf7_locale\" value=\"en_US\" \/><input type=\"hidden\" name=\"_wpcf7_unit_tag\" value=\"wpcf7-f10253-o1\" \/><input type=\"hidden\" name=\"_wpcf7_container_post\" value=\"0\" \/><input type=\"hidden\" name=\"_wpcf7_posted_data_hash\" value=\"\" \/><input type=\"hidden\" name=\"_wpcf7_recaptcha_response\" value=\"\" \/>\n<\/fieldset>\n<h3>Erz\u00e4hlen Sie uns von sich selbst\n<\/h3>\n<p><label>FooEvents-Kaufcode\/Bestellnummer:<\/label>\n<\/p>\n<p><span class=\"wpcf7-form-control-wrap\" data-name=\"your-order-number\"><input size=\"40\" maxlength=\"400\" class=\"wpcf7-form-control wpcf7-text wpcf7-validates-as-required\" aria-required=\"true\" aria-invalid=\"false\" value=\"\" type=\"text\" name=\"your-order-number\" \/><\/span>\n<\/p>\n<p><label>Name des Unternehmens:<\/label>\n<\/p>\n<p><span class=\"wpcf7-form-control-wrap\" data-name=\"your-company-name\"><input size=\"40\" maxlength=\"400\" class=\"wpcf7-form-control wpcf7-text wpcf7-validates-as-required\" aria-required=\"true\" aria-invalid=\"false\" value=\"\" type=\"text\" name=\"your-company-name\" \/><\/span>\n<\/p>\n<p><label>Adresse der Website:<\/label>\n<\/p>\n<p><span class=\"wpcf7-form-control-wrap\" data-name=\"your-url\"><input size=\"40\" maxlength=\"400\" class=\"wpcf7-form-control wpcf7-text wpcf7-validates-as-required\" aria-required=\"true\" aria-invalid=\"false\" value=\"\" type=\"text\" name=\"your-url\" \/><\/span>\n<\/p>\n<p><label>Twitter-Handle:<\/label>\n<\/p>\n<p><span class=\"wpcf7-form-control-wrap\" data-name=\"your-twitter\"><input size=\"40\" maxlength=\"400\" class=\"wpcf7-form-control wpcf7-text wpcf7-validates-as-required\" aria-required=\"true\" aria-invalid=\"false\" value=\"\" type=\"text\" name=\"your-twitter\" \/><\/span>\n<\/p>\n<p><label>URL der Facebook-Seite:<\/label>\n<\/p>\n<p><span class=\"wpcf7-form-control-wrap\" data-name=\"your-facebook\"><input size=\"40\" maxlength=\"400\" class=\"wpcf7-form-control wpcf7-text wpcf7-validates-as-required\" aria-required=\"true\" aria-invalid=\"false\" value=\"\" type=\"text\" name=\"your-facebook\" \/><\/span>\n<\/p>\n<p><label>Name der Kontaktperson:<\/label>\n<\/p>\n<p><span class=\"wpcf7-form-control-wrap\" data-name=\"your-contact-name\"><input size=\"40\" maxlength=\"400\" class=\"wpcf7-form-control wpcf7-text wpcf7-validates-as-required\" aria-required=\"true\" aria-invalid=\"false\" value=\"\" type=\"text\" name=\"your-contact-name\" \/><\/span>\n<\/p>\n<p><label>E-Mail Adresse der Kontaktperson:<\/label>\n<\/p>\n<p><span class=\"wpcf7-form-control-wrap\" data-name=\"your-contact-email\"><input size=\"40\" maxlength=\"400\" class=\"wpcf7-form-control wpcf7-email wpcf7-validates-as-required wpcf7-text wpcf7-validates-as-email\" aria-required=\"true\" aria-invalid=\"false\" value=\"\" type=\"email\" name=\"your-contact-email\" \/><\/span>\n<\/p>\n<p><label>In welchem Jahr wurde Ihr Unternehmen gegr\u00fcndet?<\/label>\n<\/p>\n<p><span class=\"wpcf7-form-control-wrap\" data-name=\"your-company-date\"><input size=\"40\" maxlength=\"400\" class=\"wpcf7-form-control wpcf7-text wpcf7-validates-as-required\" aria-required=\"true\" aria-invalid=\"false\" value=\"\" type=\"text\" name=\"your-company-date\" \/><\/span>\n<\/p>\n<p><label>Wo ist Ihr Unternehmen ans\u00e4ssig?<\/label>\n<\/p>\n<p><span class=\"wpcf7-form-control-wrap\" data-name=\"your-company-location\"><input size=\"40\" maxlength=\"400\" class=\"wpcf7-form-control wpcf7-text wpcf7-validates-as-required\" aria-required=\"true\" aria-invalid=\"false\" placeholder=\"Stadt, Land\" value=\"\" type=\"text\" name=\"your-company-location\" \/><\/span>\n<\/p>\n<p><label>In welchem Wirtschaftszweig oder in welcher Branche ist Ihr Unternehmen t\u00e4tig?<\/label>\n<\/p>\n<p><span class=\"wpcf7-form-control-wrap\" data-name=\"your-business-sector\"><input size=\"40\" maxlength=\"400\" class=\"wpcf7-form-control wpcf7-text wpcf7-validates-as-required\" aria-required=\"true\" aria-invalid=\"false\" placeholder=\"Konferenzen, Ausstellungen, Schulungen, Spendenaktionen usw.\" value=\"\" type=\"text\" name=\"your-business-sector\" \/><\/span>\n<\/p>\n<h3>Erz\u00e4hlen Sie uns das Wesentliche\n<\/h3>\n<p><label>Erz\u00e4hlen Sie uns von Ihrem Unternehmen und wie Sie FooEvents nutzen?<\/label>\n<\/p>\n<p><span class=\"wpcf7-form-control-wrap\" data-name=\"your-fooevents-use\"><textarea cols=\"40\" rows=\"10\" maxlength=\"30000\" class=\"wpcf7-form-control wpcf7-textarea wpcf7-validates-as-required\" aria-required=\"true\" aria-invalid=\"false\" placeholder=\"Bitte geben Sie so viele Details wie m\u00f6glich an\" name=\"your-fooevents-use\"><\/textarea><\/span>\n<\/p>\n<p><label>Welche Marketingkan\u00e4le und -strategien nutzen Sie, um f\u00fcr Ihre Veranstaltung zu werben?<\/label>\n<\/p>\n<p><span class=\"wpcf7-form-control-wrap\" data-name=\"your-fooevents-marketing\"><textarea cols=\"40\" rows=\"10\" maxlength=\"30000\" class=\"wpcf7-form-control wpcf7-textarea wpcf7-validates-as-required\" aria-required=\"true\" aria-invalid=\"false\" placeholder=\"Bitte geben Sie so viele Details wie m\u00f6glich an\" name=\"your-fooevents-marketing\"><\/textarea><\/span>\n<\/p>\n<p><label>Haben Sie Tipps oder Tricks zur Durchf\u00fchrung einer Veranstaltung oder zum Verkauf von Eintrittskarten, die Sie mit der FooEvents-Community teilen m\u00f6chten?<\/label>\n<\/p>\n<p><span class=\"wpcf7-form-control-wrap\" data-name=\"your-tips\"><textarea cols=\"40\" rows=\"10\" maxlength=\"30000\" class=\"wpcf7-form-control wpcf7-textarea wpcf7-validates-as-required\" aria-required=\"true\" aria-invalid=\"false\" placeholder=\"Bitte geben Sie so viele Details wie m\u00f6glich an\" name=\"your-tips\"><\/textarea><\/span>\n<\/p>\n<p><label>Was gef\u00e4llt Ihnen am meisten an FooEvents?<\/label>\n<\/p>\n<p><span class=\"wpcf7-form-control-wrap\" data-name=\"your-loves\"><textarea cols=\"40\" rows=\"10\" maxlength=\"30000\" class=\"wpcf7-form-control wpcf7-textarea wpcf7-validates-as-required\" aria-required=\"true\" aria-invalid=\"false\" name=\"your-loves\"><\/textarea><\/span>\n<\/p>\n<p><label>Welche Funktionen w\u00fcrden Sie sich f\u00fcr FooEvents in Zukunft w\u00fcnschen?<\/label>\n<\/p>\n<p><span class=\"wpcf7-form-control-wrap\" data-name=\"your-features\"><textarea cols=\"40\" rows=\"10\" maxlength=\"30000\" class=\"wpcf7-form-control wpcf7-textarea wpcf7-validates-as-required\" aria-required=\"true\" aria-invalid=\"false\" name=\"your-features\"><\/textarea><\/span>\n<\/p>\n<h3>Fotos\n<\/h3>\n<p><label>Titelbild-URL <span style=\"font-weight: normal\">(Bild auf Ihrem Server oder DropBox-Link. Mindestabmessungen von 1160x600 Pixel)<\/span><\/label>\n<\/p>\n<p><span class=\"wpcf7-form-control-wrap\" data-name=\"your-cover-photo-url\"><input size=\"40\" maxlength=\"400\" class=\"wpcf7-form-control wpcf7-text wpcf7-validates-as-required\" aria-required=\"true\" aria-invalid=\"false\" value=\"\" type=\"text\" name=\"your-cover-photo-url\" \/><\/span>\n<\/p>\n<p><label>Profilbild-URL <span style=\"font-weight: normal\">(Bild auf Ihrem Server oder DropBox-Link, Mindestgr\u00f6\u00dfe 500x500 Pixel).<\/span><\/label>\n<\/p>\n<p><span class=\"wpcf7-form-control-wrap\" data-name=\"your-profile-photo-url\"><input size=\"40\" maxlength=\"400\" class=\"wpcf7-form-control wpcf7-text wpcf7-validates-as-required\" aria-required=\"true\" aria-invalid=\"false\" value=\"\" type=\"text\" name=\"your-profile-photo-url\" \/><\/span>\n<\/p>\n<p><span><input class=\"wpcf7-form-control wpcf7-submit has-spinner\" type=\"submit\" value=\"Meine Geschichte einreichen\" \/><\/span>\n<\/p><div class=\"wpcf7-response-output\" aria-hidden=\"true\"><\/div>\n<input type=\"hidden\" name=\"trp-form-language\" value=\"de\"\/><\/form>\n<\/div>\n<\/div> \t\t\t<script>\r\n \t\t\t        var theform = document.querySelector('.void-cf7-0');\r\n\t\t\t\t\t\ttheform.addEventListener( 'wpcf7mailsent', function( event ) {\r\n\t\t\t\t\t    location = 'https:\/\/help.fooevents.com\/de\/contact\/submit-your-story\/';\r\n\t\t\t\t\t}, false );\r\n\t\t\t<\/script>\r\n\r\n\t\t\t\t\t\t<\/div>\n\t\t\t\t<\/div>\n\t\t\t\t\t<\/div>\n\t\t<\/div>\n\t\t\t\t<div class=\"elementor-column elementor-col-25 elementor-top-column elementor-element elementor-element-53c542b\" data-id=\"53c542b\" data-element_type=\"column\" data-e-type=\"column\">\n\t\t\t<div class=\"elementor-widget-wrap\">\n\t\t\t\t\t\t\t<\/div>\n\t\t<\/div>\n\t\t\t\t\t<\/div>\n\t\t<\/section>\n\t\t\t\t<\/div>","protected":false},"excerpt":{"rendered":"<p>Submit your Success Story! We\u2019d love to find out more about our customers and hear their success stories so that we can share them with the FooEvents community. All submissions will be reviewed, and if your story is selected, you will be promoted on our website and receive a coupon for a\u00a0free FooEvents Premium bundle! [&hellip;]<\/p>\n","protected":false},"author":1,"featured_media":0,"parent":3210,"menu_order":0,"comment_status":"closed","ping_status":"closed","template":"","meta":{"site-sidebar-layout":"no-sidebar","site-content-layout":"page-builder","ast-site-content-layout":"default","site-content-style":"default","site-sidebar-style":"default","ast-global-header-display":"","ast-banner-title-visibility":"","ast-main-header-display":"","ast-hfb-above-header-display":"","ast-hfb-below-header-display":"","ast-hfb-mobile-header-display":"","site-post-title":"disabled","ast-breadcrumbs-content":"","ast-featured-img":"disabled","footer-sml-layout":"","ast-disable-related-posts":"","theme-transparent-header-meta":"default","adv-header-id-meta":"","stick-header-meta":"default","header-above-stick-meta":"","header-main-stick-meta":"","header-below-stick-meta":"","astra-migrate-meta-layouts":"default","ast-page-background-enabled":"default","ast-page-background-meta":{"desktop":{"background-color":"","background-image":"","background-repeat":"repeat","background-position":"center center","background-size":"auto","background-attachment":"scroll","background-type":"","background-media":"","overlay-type":"","overlay-color":"","overlay-opacity":"","overlay-gradient":""},"tablet":{"background-color":"","background-image":"","background-repeat":"repeat","background-position":"center center","background-size":"auto","background-attachment":"scroll","background-type":"","background-media":"","overlay-type":"","overlay-color":"","overlay-opacity":"","overlay-gradient":""},"mobile":{"background-color":"","background-image":"","background-repeat":"repeat","background-position":"center center","background-size":"auto","background-attachment":"scroll","background-type":"","background-media":"","overlay-type":"","overlay-color":"","overlay-opacity":"","overlay-gradient":""}},"ast-content-background-meta":{"desktop":{"background-color":"var(--ast-global-color-5)","background-image":"","background-repeat":"repeat","background-position":"center center","background-size":"auto","background-attachment":"scroll","background-type":"","background-media":"","overlay-type":"","overlay-color":"","overlay-opacity":"","overlay-gradient":""},"tablet":{"background-color":"var(--ast-global-color-5)","background-image":"","background-repeat":"repeat","background-position":"center center","background-size":"auto","background-attachment":"scroll","background-type":"","background-media":"","overlay-type":"","overlay-color":"","overlay-opacity":"","overlay-gradient":""},"mobile":{"background-color":"var(--ast-global-color-5)","background-image":"","background-repeat":"repeat","background-position":"center center","background-size":"auto","background-attachment":"scroll","background-type":"","background-media":"","overlay-type":"","overlay-color":"","overlay-opacity":"","overlay-gradient":""}},"footnotes":""},"class_list":["post-131620","page","type-page","status-publish","hentry"],"_links":{"self":[{"href":"https:\/\/help.fooevents.com\/de\/wp-json\/wp\/v2\/pages\/131620","targetHints":{"allow":["GET"]}}],"collection":[{"href":"https:\/\/help.fooevents.com\/de\/wp-json\/wp\/v2\/pages"}],"about":[{"href":"https:\/\/help.fooevents.com\/de\/wp-json\/wp\/v2\/types\/page"}],"author":[{"embeddable":true,"href":"https:\/\/help.fooevents.com\/de\/wp-json\/wp\/v2\/users\/1"}],"replies":[{"embeddable":true,"href":"https:\/\/help.fooevents.com\/de\/wp-json\/wp\/v2\/comments?post=131620"}],"version-history":[{"count":6,"href":"https:\/\/help.fooevents.com\/de\/wp-json\/wp\/v2\/pages\/131620\/revisions"}],"predecessor-version":[{"id":147295,"href":"https:\/\/help.fooevents.com\/de\/wp-json\/wp\/v2\/pages\/131620\/revisions\/147295"}],"up":[{"embeddable":true,"href":"https:\/\/help.fooevents.com\/de\/wp-json\/wp\/v2\/pages\/3210"}],"wp:attachment":[{"href":"https:\/\/help.fooevents.com\/de\/wp-json\/wp\/v2\/media?parent=131620"}],"curies":[{"name":"wp","href":"https:\/\/api.w.org\/{rel}","templated":true}]}}