{"id":131620,"date":"2020-09-10T03:10:35","date_gmt":"2020-09-10T09:10:35","guid":{"rendered":"https:\/\/help.fooevents.com\/?page_id=131620"},"modified":"2026-04-03T02:14:48","modified_gmt":"2026-04-03T09:14:48","slug":"envie-su-historia","status":"publish","type":"page","link":"https:\/\/help.fooevents.com\/es\/contact\/submit-your-story\/","title":{"rendered":"Env\u00ede su historia"},"content":{"rendered":"<div data-elementor-type=\"wp-page\" data-elementor-id=\"131620\" class=\"elementor elementor-131620\">\n\t\t\t\t\t\t<section class=\"elementor-section elementor-top-section elementor-element elementor-element-2a78232 elementor-section-boxed elementor-section-height-default elementor-section-height-default\" data-id=\"2a78232\" data-element_type=\"section\" data-e-type=\"section\" data-settings=\"{&quot;background_background&quot;:&quot;classic&quot;}\">\n\t\t\t\t\t\t\t<div class=\"elementor-background-overlay\"><\/div>\n\t\t\t\t\t\t\t<div class=\"elementor-container elementor-column-gap-default\">\n\t\t\t\t\t<div class=\"elementor-column elementor-col-25 elementor-top-column elementor-element elementor-element-de95f37\" data-id=\"de95f37\" data-element_type=\"column\" data-e-type=\"column\">\n\t\t\t<div class=\"elementor-widget-wrap\">\n\t\t\t\t\t\t\t<\/div>\n\t\t<\/div>\n\t\t\t\t<div class=\"elementor-column elementor-col-50 elementor-top-column elementor-element elementor-element-b3dae88\" data-id=\"b3dae88\" data-element_type=\"column\" data-e-type=\"column\">\n\t\t\t<div class=\"elementor-widget-wrap elementor-element-populated\">\n\t\t\t\t\t\t<div class=\"elementor-element elementor-element-825c6dd elementor-widget elementor-widget-heading\" data-id=\"825c6dd\" data-element_type=\"widget\" data-e-type=\"widget\" data-widget_type=\"heading.default\">\n\t\t\t\t<div class=\"elementor-widget-container\">\n\t\t\t\t\t<h2 class=\"elementor-heading-title elementor-size-default\">Env\u00ede su historia de \u00e9xito<\/h2>\t\t\t\t<\/div>\n\t\t\t\t<\/div>\n\t\t\t\t<div class=\"elementor-element elementor-element-8607cf7 elementor-widget elementor-widget-heading\" data-id=\"8607cf7\" data-element_type=\"widget\" data-e-type=\"widget\" data-widget_type=\"heading.default\">\n\t\t\t\t<div class=\"elementor-widget-container\">\n\t\t\t\t\t<p class=\"elementor-heading-title elementor-size-default\">Nos encantar\u00eda saber m\u00e1s sobre nuestros clientes y conocer sus historias de \u00e9xito para poder compartirlas con la comunidad FooEvents.<\/p>\t\t\t\t<\/div>\n\t\t\t\t<\/div>\n\t\t\t\t<div class=\"elementor-element elementor-element-850a5bf elementor-widget elementor-widget-text-editor\" data-id=\"850a5bf\" data-element_type=\"widget\" data-e-type=\"widget\" data-widget_type=\"text-editor.default\">\n\t\t\t\t<div class=\"elementor-widget-container\">\n\t\t\t\t\t\t\t\t\t<div class=\"wpb_text_column wpb_content_element\"><div class=\"wpb_wrapper\"><p>Todos los env\u00edos ser\u00e1n revisados y, si su historia es seleccionada, ser\u00e1 promocionada en nuestro sitio web y recibir\u00e1 un cup\u00f3n para un\u00a0<strong>Paquete FooEvents Premium gratuito<\/strong>!<\/p><p>Tenga en cuenta que al enviar su historia acepta que nos pongamos en contacto con usted si es necesario y nos da permiso para utilizar este contenido en el sitio web de FooEvents y en cualquier material de marketing relacionado.<\/p><\/div><\/div>\t\t\t\t\t\t\t\t<\/div>\n\t\t\t\t<\/div>\n\t\t\t\t<div class=\"elementor-element elementor-element-cc1fc26 elementor-widget elementor-widget-void-section-cf7\" data-id=\"cc1fc26\" data-element_type=\"widget\" data-e-type=\"widget\" data-widget_type=\"void-section-cf7.default\">\n\t\t\t\t<div class=\"elementor-widget-container\">\n\t\t\t\t\t<div class=\"void-cf7-form-widget-wrapper elementor-shortcode void-cf7-0\" data-void-cf7-contact-form-id=\"10253\">\n<div class=\"wpcf7 no-js\" id=\"wpcf7-f10253-o1\" lang=\"en-US\" dir=\"ltr\" data-wpcf7-id=\"10253\">\n<div class=\"screen-reader-response\"><p role=\"status\" aria-live=\"polite\" aria-atomic=\"true\"><\/p> <ul><\/ul><\/div>\n<form action=\"\/es\/wp-json\/wp\/v2\/pages\/131620#wpcf7-f10253-o1\" method=\"post\" class=\"wpcf7-form init\" aria-label=\"Formulario de contacto\" novalidate=\"novalidate\" data-status=\"init\" data-trp-original-action=\"\/es\/wp-json\/wp\/v2\/pages\/131620#wpcf7-f10253-o1\">\n<fieldset class=\"hidden-fields-container\"><input type=\"hidden\" name=\"_wpcf7\" value=\"10253\" \/><input type=\"hidden\" name=\"_wpcf7_version\" value=\"6.1.5\" \/><input type=\"hidden\" name=\"_wpcf7_locale\" value=\"en_US\" \/><input type=\"hidden\" name=\"_wpcf7_unit_tag\" value=\"wpcf7-f10253-o1\" \/><input type=\"hidden\" name=\"_wpcf7_container_post\" value=\"0\" \/><input type=\"hidden\" name=\"_wpcf7_posted_data_hash\" value=\"\" \/><input type=\"hidden\" name=\"_wpcf7_recaptcha_response\" value=\"\" \/>\n<\/fieldset>\n<h3>H\u00e1blenos de usted\n<\/h3>\n<p><label>FooEvents c\u00f3digo de compra\/n\u00famero de pedido:<\/label>\n<\/p>\n<p><span class=\"wpcf7-form-control-wrap\" data-name=\"your-order-number\"><input size=\"40\" maxlength=\"400\" class=\"wpcf7-form-control wpcf7-text wpcf7-validates-as-required\" aria-required=\"true\" aria-invalid=\"false\" value=\"\" type=\"text\" name=\"your-order-number\" \/><\/span>\n<\/p>\n<p><label>Nombre de la empresa:<\/label>\n<\/p>\n<p><span class=\"wpcf7-form-control-wrap\" data-name=\"your-company-name\"><input size=\"40\" maxlength=\"400\" class=\"wpcf7-form-control wpcf7-text wpcf7-validates-as-required\" aria-required=\"true\" aria-invalid=\"false\" value=\"\" type=\"text\" name=\"your-company-name\" \/><\/span>\n<\/p>\n<p><label>Direcci\u00f3n web:<\/label>\n<\/p>\n<p><span class=\"wpcf7-form-control-wrap\" data-name=\"your-url\"><input size=\"40\" maxlength=\"400\" class=\"wpcf7-form-control wpcf7-text wpcf7-validates-as-required\" aria-required=\"true\" aria-invalid=\"false\" value=\"\" type=\"text\" name=\"your-url\" \/><\/span>\n<\/p>\n<p><label>Twitter:<\/label>\n<\/p>\n<p><span class=\"wpcf7-form-control-wrap\" data-name=\"your-twitter\"><input size=\"40\" maxlength=\"400\" class=\"wpcf7-form-control wpcf7-text wpcf7-validates-as-required\" aria-required=\"true\" aria-invalid=\"false\" value=\"\" type=\"text\" name=\"your-twitter\" \/><\/span>\n<\/p>\n<p><label>URL de la p\u00e1gina de Facebook:<\/label>\n<\/p>\n<p><span class=\"wpcf7-form-control-wrap\" data-name=\"your-facebook\"><input size=\"40\" maxlength=\"400\" class=\"wpcf7-form-control wpcf7-text wpcf7-validates-as-required\" aria-required=\"true\" aria-invalid=\"false\" value=\"\" type=\"text\" name=\"your-facebook\" \/><\/span>\n<\/p>\n<p><label>Nombre de la persona de contacto:<\/label>\n<\/p>\n<p><span class=\"wpcf7-form-control-wrap\" data-name=\"your-contact-name\"><input size=\"40\" maxlength=\"400\" class=\"wpcf7-form-control wpcf7-text wpcf7-validates-as-required\" aria-required=\"true\" aria-invalid=\"false\" value=\"\" type=\"text\" name=\"your-contact-name\" \/><\/span>\n<\/p>\n<p><label>Direcci\u00f3n de correo electr\u00f3nico de la persona de contacto:<\/label>\n<\/p>\n<p><span class=\"wpcf7-form-control-wrap\" data-name=\"your-contact-email\"><input size=\"40\" maxlength=\"400\" class=\"wpcf7-form-control wpcf7-email wpcf7-validates-as-required wpcf7-text wpcf7-validates-as-email\" aria-required=\"true\" aria-invalid=\"false\" value=\"\" type=\"email\" name=\"your-contact-email\" \/><\/span>\n<\/p>\n<p><label>\u00bfEn qu\u00e9 a\u00f1o se fund\u00f3 su empresa?<\/label>\n<\/p>\n<p><span class=\"wpcf7-form-control-wrap\" data-name=\"your-company-date\"><input size=\"40\" maxlength=\"400\" class=\"wpcf7-form-control wpcf7-text wpcf7-validates-as-required\" aria-required=\"true\" aria-invalid=\"false\" value=\"\" type=\"text\" name=\"your-company-date\" \/><\/span>\n<\/p>\n<p><label>\u00bfD\u00f3nde tiene su sede su empresa?<\/label>\n<\/p>\n<p><span class=\"wpcf7-form-control-wrap\" data-name=\"your-company-location\"><input size=\"40\" maxlength=\"400\" class=\"wpcf7-form-control wpcf7-text wpcf7-validates-as-required\" aria-required=\"true\" aria-invalid=\"false\" placeholder=\"Ciudad, Pa\u00eds\" value=\"\" type=\"text\" name=\"your-company-location\" \/><\/span>\n<\/p>\n<p><label>\u00bfEn qu\u00e9 sector o industria opera su empresa?<\/label>\n<\/p>\n<p><span class=\"wpcf7-form-control-wrap\" data-name=\"your-business-sector\"><input size=\"40\" maxlength=\"400\" class=\"wpcf7-form-control wpcf7-text wpcf7-validates-as-required\" aria-required=\"true\" aria-invalid=\"false\" placeholder=\"Conferencias, exposiciones, educaci\u00f3n, recaudaci\u00f3n de fondos, etc.\" value=\"\" type=\"text\" name=\"your-business-sector\" \/><\/span>\n<\/p>\n<h3>Cu\u00e9ntenos los detalles\n<\/h3>\n<p><label>H\u00e1blenos de su empresa y de c\u00f3mo utiliza FooEvents.<\/label>\n<\/p>\n<p><span class=\"wpcf7-form-control-wrap\" data-name=\"your-fooevents-use\"><textarea cols=\"40\" rows=\"10\" maxlength=\"30000\" class=\"wpcf7-form-control wpcf7-textarea wpcf7-validates-as-required\" aria-required=\"true\" aria-invalid=\"false\" placeholder=\"Por favor, facilite tantos detalles como sea posible\" name=\"your-fooevents-use\"><\/textarea><\/span>\n<\/p>\n<p><label>\u00bfQu\u00e9 canales y estrategias de marketing utiliza para promocionar su evento?<\/label>\n<\/p>\n<p><span class=\"wpcf7-form-control-wrap\" data-name=\"your-fooevents-marketing\"><textarea cols=\"40\" rows=\"10\" maxlength=\"30000\" class=\"wpcf7-form-control wpcf7-textarea wpcf7-validates-as-required\" aria-required=\"true\" aria-invalid=\"false\" placeholder=\"Por favor, facilite tantos detalles como sea posible\" name=\"your-fooevents-marketing\"><\/textarea><\/span>\n<\/p>\n<p><label>\u00bfTienes alg\u00fan consejo o truco para organizar un evento o vender entradas que quieras compartir con la comunidad FooEvents?<\/label>\n<\/p>\n<p><span class=\"wpcf7-form-control-wrap\" data-name=\"your-tips\"><textarea cols=\"40\" rows=\"10\" maxlength=\"30000\" class=\"wpcf7-form-control wpcf7-textarea wpcf7-validates-as-required\" aria-required=\"true\" aria-invalid=\"false\" placeholder=\"Por favor, facilite tantos detalles como sea posible\" name=\"your-tips\"><\/textarea><\/span>\n<\/p>\n<p><label>\u00bfQu\u00e9 es lo que m\u00e1s le gusta de FooEvents?<\/label>\n<\/p>\n<p><span class=\"wpcf7-form-control-wrap\" data-name=\"your-loves\"><textarea cols=\"40\" rows=\"10\" maxlength=\"30000\" class=\"wpcf7-form-control wpcf7-textarea wpcf7-validates-as-required\" aria-required=\"true\" aria-invalid=\"false\" name=\"your-loves\"><\/textarea><\/span>\n<\/p>\n<p><label>\u00bfQu\u00e9 funciones le gustar\u00eda que se a\u00f1adieran a FooEvents en el futuro?<\/label>\n<\/p>\n<p><span class=\"wpcf7-form-control-wrap\" data-name=\"your-features\"><textarea cols=\"40\" rows=\"10\" maxlength=\"30000\" class=\"wpcf7-form-control wpcf7-textarea wpcf7-validates-as-required\" aria-required=\"true\" aria-invalid=\"false\" name=\"your-features\"><\/textarea><\/span>\n<\/p>\n<h3>Fotos\n<\/h3>\n<p><label>URL de la foto de portada <span style=\"font-weight: normal\">(Imagen en su servidor o enlace DropBox. Dimensi\u00f3n m\u00ednima de 1160x600 p\u00edxeles)<\/span><\/label>\n<\/p>\n<p><span class=\"wpcf7-form-control-wrap\" data-name=\"your-cover-photo-url\"><input size=\"40\" maxlength=\"400\" class=\"wpcf7-form-control wpcf7-text wpcf7-validates-as-required\" aria-required=\"true\" aria-invalid=\"false\" value=\"\" type=\"text\" name=\"your-cover-photo-url\" \/><\/span>\n<\/p>\n<p><label>URL de la foto de perfil <span style=\"font-weight: normal\">(Imagen en su servidor o enlace DropBox. Dimensi\u00f3n m\u00ednima de 500x500 p\u00edxeles).<\/span><\/label>\n<\/p>\n<p><span class=\"wpcf7-form-control-wrap\" data-name=\"your-profile-photo-url\"><input size=\"40\" maxlength=\"400\" class=\"wpcf7-form-control wpcf7-text wpcf7-validates-as-required\" aria-required=\"true\" aria-invalid=\"false\" value=\"\" type=\"text\" name=\"your-profile-photo-url\" \/><\/span>\n<\/p>\n<p><span><input class=\"wpcf7-form-control wpcf7-submit has-spinner\" type=\"submit\" value=\"Enviar mi historia\" \/><\/span>\n<\/p><div class=\"wpcf7-response-output\" aria-hidden=\"true\"><\/div>\n<input type=\"hidden\" name=\"trp-form-language\" value=\"es\"\/><\/form>\n<\/div>\n<\/div> \t\t\t<script>\r\n \t\t\t        var theform = document.querySelector('.void-cf7-0');\r\n\t\t\t\t\t\ttheform.addEventListener( 'wpcf7mailsent', function( event ) {\r\n\t\t\t\t\t    location = 'https:\/\/help.fooevents.com\/es\/contact\/submit-your-story\/';\r\n\t\t\t\t\t}, false );\r\n\t\t\t<\/script>\r\n\r\n\t\t\t\t\t\t<\/div>\n\t\t\t\t<\/div>\n\t\t\t\t\t<\/div>\n\t\t<\/div>\n\t\t\t\t<div class=\"elementor-column elementor-col-25 elementor-top-column elementor-element elementor-element-53c542b\" data-id=\"53c542b\" data-element_type=\"column\" data-e-type=\"column\">\n\t\t\t<div class=\"elementor-widget-wrap\">\n\t\t\t\t\t\t\t<\/div>\n\t\t<\/div>\n\t\t\t\t\t<\/div>\n\t\t<\/section>\n\t\t\t\t<\/div>","protected":false},"excerpt":{"rendered":"<p>Submit your Success Story! We\u2019d love to find out more about our customers and hear their success stories so that we can share them with the FooEvents community. All submissions will be reviewed, and if your story is selected, you will be promoted on our website and receive a coupon for a\u00a0free FooEvents Premium bundle! [&hellip;]<\/p>\n","protected":false},"author":1,"featured_media":0,"parent":3210,"menu_order":0,"comment_status":"closed","ping_status":"closed","template":"","meta":{"site-sidebar-layout":"no-sidebar","site-content-layout":"page-builder","ast-site-content-layout":"default","site-content-style":"default","site-sidebar-style":"default","ast-global-header-display":"","ast-banner-title-visibility":"","ast-main-header-display":"","ast-hfb-above-header-display":"","ast-hfb-below-header-display":"","ast-hfb-mobile-header-display":"","site-post-title":"disabled","ast-breadcrumbs-content":"","ast-featured-img":"disabled","footer-sml-layout":"","ast-disable-related-posts":"","theme-transparent-header-meta":"default","adv-header-id-meta":"","stick-header-meta":"default","header-above-stick-meta":"","header-main-stick-meta":"","header-below-stick-meta":"","astra-migrate-meta-layouts":"default","ast-page-background-enabled":"default","ast-page-background-meta":{"desktop":{"background-color":"","background-image":"","background-repeat":"repeat","background-position":"center center","background-size":"auto","background-attachment":"scroll","background-type":"","background-media":"","overlay-type":"","overlay-color":"","overlay-opacity":"","overlay-gradient":""},"tablet":{"background-color":"","background-image":"","background-repeat":"repeat","background-position":"center center","background-size":"auto","background-attachment":"scroll","background-type":"","background-media":"","overlay-type":"","overlay-color":"","overlay-opacity":"","overlay-gradient":""},"mobile":{"background-color":"","background-image":"","background-repeat":"repeat","background-position":"center center","background-size":"auto","background-attachment":"scroll","background-type":"","background-media":"","overlay-type":"","overlay-color":"","overlay-opacity":"","overlay-gradient":""}},"ast-content-background-meta":{"desktop":{"background-color":"var(--ast-global-color-5)","background-image":"","background-repeat":"repeat","background-position":"center center","background-size":"auto","background-attachment":"scroll","background-type":"","background-media":"","overlay-type":"","overlay-color":"","overlay-opacity":"","overlay-gradient":""},"tablet":{"background-color":"var(--ast-global-color-5)","background-image":"","background-repeat":"repeat","background-position":"center center","background-size":"auto","background-attachment":"scroll","background-type":"","background-media":"","overlay-type":"","overlay-color":"","overlay-opacity":"","overlay-gradient":""},"mobile":{"background-color":"var(--ast-global-color-5)","background-image":"","background-repeat":"repeat","background-position":"center center","background-size":"auto","background-attachment":"scroll","background-type":"","background-media":"","overlay-type":"","overlay-color":"","overlay-opacity":"","overlay-gradient":""}},"footnotes":""},"class_list":["post-131620","page","type-page","status-publish","hentry"],"_links":{"self":[{"href":"https:\/\/help.fooevents.com\/es\/wp-json\/wp\/v2\/pages\/131620","targetHints":{"allow":["GET"]}}],"collection":[{"href":"https:\/\/help.fooevents.com\/es\/wp-json\/wp\/v2\/pages"}],"about":[{"href":"https:\/\/help.fooevents.com\/es\/wp-json\/wp\/v2\/types\/page"}],"author":[{"embeddable":true,"href":"https:\/\/help.fooevents.com\/es\/wp-json\/wp\/v2\/users\/1"}],"replies":[{"embeddable":true,"href":"https:\/\/help.fooevents.com\/es\/wp-json\/wp\/v2\/comments?post=131620"}],"version-history":[{"count":6,"href":"https:\/\/help.fooevents.com\/es\/wp-json\/wp\/v2\/pages\/131620\/revisions"}],"predecessor-version":[{"id":147295,"href":"https:\/\/help.fooevents.com\/es\/wp-json\/wp\/v2\/pages\/131620\/revisions\/147295"}],"up":[{"embeddable":true,"href":"https:\/\/help.fooevents.com\/es\/wp-json\/wp\/v2\/pages\/3210"}],"wp:attachment":[{"href":"https:\/\/help.fooevents.com\/es\/wp-json\/wp\/v2\/media?parent=131620"}],"curies":[{"name":"wp","href":"https:\/\/api.w.org\/{rel}","templated":true}]}}