{"id":131618,"date":"2020-09-10T03:15:06","date_gmt":"2020-09-10T09:15:06","guid":{"rendered":"https:\/\/help.fooevents.com\/?page_id=131618"},"modified":"2026-04-03T02:14:43","modified_gmt":"2026-04-03T09:14:43","slug":"zwroty","status":"publish","type":"page","link":"https:\/\/help.fooevents.com\/pl\/contact\/refunds\/","title":{"rendered":"Zwroty koszt\u00f3w"},"content":{"rendered":"<div data-elementor-type=\"wp-page\" data-elementor-id=\"131618\" class=\"elementor elementor-131618\">\n\t\t\t\t\t\t<section class=\"elementor-section elementor-top-section elementor-element elementor-element-1a8dc98 elementor-section-boxed elementor-section-height-default elementor-section-height-default\" data-id=\"1a8dc98\" data-element_type=\"section\" data-e-type=\"section\" data-settings=\"{&quot;background_background&quot;:&quot;classic&quot;}\">\n\t\t\t\t\t\t\t<div class=\"elementor-background-overlay\"><\/div>\n\t\t\t\t\t\t\t<div class=\"elementor-container elementor-column-gap-default\">\n\t\t\t\t\t<div class=\"elementor-column elementor-col-25 elementor-top-column elementor-element elementor-element-ee6f29b\" data-id=\"ee6f29b\" data-element_type=\"column\" data-e-type=\"column\">\n\t\t\t<div class=\"elementor-widget-wrap\">\n\t\t\t\t\t\t\t<\/div>\n\t\t<\/div>\n\t\t\t\t<div class=\"elementor-column elementor-col-50 elementor-top-column elementor-element elementor-element-5bdae15\" data-id=\"5bdae15\" data-element_type=\"column\" data-e-type=\"column\">\n\t\t\t<div class=\"elementor-widget-wrap elementor-element-populated\">\n\t\t\t\t\t\t<div class=\"elementor-element elementor-element-b7b7a40 elementor-widget elementor-widget-heading\" data-id=\"b7b7a40\" data-element_type=\"widget\" data-e-type=\"widget\" data-widget_type=\"heading.default\">\n\t\t\t\t<div class=\"elementor-widget-container\">\n\t\t\t\t\t<h2 class=\"elementor-heading-title elementor-size-default\">Zwroty koszt\u00f3w<\/h2>\t\t\t\t<\/div>\n\t\t\t\t<\/div>\n\t\t\t\t<div class=\"elementor-element elementor-element-a9589a8 elementor-widget elementor-widget-heading\" data-id=\"a9589a8\" data-element_type=\"widget\" data-e-type=\"widget\" data-widget_type=\"heading.default\">\n\t\t\t\t<div class=\"elementor-widget-container\">\n\t\t\t\t\t<p class=\"elementor-heading-title elementor-size-default\">14-dniowa gwarancja zwrotu pieni\u0119dzy bez zastrze\u017ce\u0144<\/p>\t\t\t\t<\/div>\n\t\t\t\t<\/div>\n\t\t\t\t<div class=\"elementor-element elementor-element-7a25d86 elementor-widget elementor-widget-text-editor\" data-id=\"7a25d86\" data-element_type=\"widget\" data-e-type=\"widget\" data-widget_type=\"text-editor.default\">\n\t\t\t\t<div class=\"elementor-widget-container\">\n\t\t\t\t\t\t\t\t\t<p class=\"p1\"><span class=\"s1\">Dok\u0142adamy wszelkich stara\u0144, aby\u015b by\u0142 w pe\u0142ni zadowolony z zakupu FooEvents i aby by\u0142 on dobrze dopasowany do Twoich wymaga\u0144.<\/span><\/p><p class=\"p1\"><span class=\"s1\">W zwi\u0105zku z tym mocno stoimy za naszymi produktami i oferujemy\u00a0<b>Gwarancja zwrotu pieni\u0119dzy bez zastrze\u017ce\u0144<\/b>\u00a0je\u015bli za\u017c\u0105dasz zwrotu pieni\u0119dzy w ci\u0105gu\u00a0<\/span><span class=\"s2\">14 dni od pierwotnej daty zakupu (<i>z wy\u0142\u0105czeniem odnowie\u0144 i licencji do\u017cywotnich<\/i>)<\/span><span class=\"s1\">\u00a0aby\u015b m\u00f3g\u0142 bez obaw kupi\u0107 dowolny produkt FooEvents. Zach\u0119camy jednak do wcze\u015bniejszego skorzystania z naszego\u00a0<a href=\"https:\/\/www.fooevents.com\/support\/\" target=\"_blank\" rel=\"noopener\">kana\u0142y wsparcia<\/a>\u00a0w przypadku jakichkolwiek pyta\u0144 lub problem\u00f3w, aby\u015bmy mogli pom\u00f3c w ich rozwi\u0105zaniu przed za\u017c\u0105daniem zwrotu pieni\u0119dzy.<\/span><\/p><p class=\"p1\"><span class=\"s1\">Aby za\u017c\u0105da\u0107 zwrotu pieni\u0119dzy, prosimy o wype\u0142nienie poni\u017cszego formularza. Je\u015bli zakupi\u0142e\u015b wtyczk\u0119 FooEvents dla WooCommerce za po\u015brednictwem\u00a0<strong>CodeCanyon<\/strong>prosz\u0119\u00a0<a href=\"https:\/\/codecanyon.net\/refund_requests\/new\" target=\"_blank\" rel=\"noopener noreferrer nofollow\">Z\u0142\u00f3\u017c wniosek tutaj<\/a>.<\/span><\/p><p class=\"p1\"><span class=\"s1\">Nale\u017cy pami\u0119ta\u0107, \u017ce przetwarzanie zwrot\u00f3w mo\u017ce potrwa\u0107 do 5 dni.<\/span><\/p>\t\t\t\t\t\t\t\t<\/div>\n\t\t\t\t<\/div>\n\t\t\t\t<div class=\"elementor-element elementor-element-89a6c3c elementor-widget elementor-widget-void-section-cf7\" data-id=\"89a6c3c\" data-element_type=\"widget\" data-e-type=\"widget\" data-widget_type=\"void-section-cf7.default\">\n\t\t\t\t<div class=\"elementor-widget-container\">\n\t\t\t\t\t<div class=\"void-cf7-form-widget-wrapper elementor-shortcode void-cf7-0\" data-void-cf7-contact-form-id=\"17743\">\n<div class=\"wpcf7 no-js\" id=\"wpcf7-f17743-o1\" lang=\"en-US\" dir=\"ltr\" data-wpcf7-id=\"17743\">\n<div class=\"screen-reader-response\"><p role=\"status\" aria-live=\"polite\" aria-atomic=\"true\"><\/p> <ul><\/ul><\/div>\n<form action=\"\/pl\/wp-json\/wp\/v2\/pages\/131618#wpcf7-f17743-o1\" method=\"post\" class=\"wpcf7-form init\" aria-label=\"Formularz kontaktowy\" novalidate=\"novalidate\" data-status=\"init\" data-trp-original-action=\"\/pl\/wp-json\/wp\/v2\/pages\/131618#wpcf7-f17743-o1\">\n<fieldset class=\"hidden-fields-container\"><input type=\"hidden\" name=\"_wpcf7\" value=\"17743\" \/><input type=\"hidden\" name=\"_wpcf7_version\" value=\"6.1.5\" \/><input type=\"hidden\" name=\"_wpcf7_locale\" value=\"en_US\" \/><input type=\"hidden\" name=\"_wpcf7_unit_tag\" value=\"wpcf7-f17743-o1\" \/><input type=\"hidden\" name=\"_wpcf7_container_post\" value=\"0\" \/><input type=\"hidden\" name=\"_wpcf7_posted_data_hash\" value=\"\" \/><input type=\"hidden\" name=\"_wpcf7_recaptcha_response\" value=\"\" \/>\n<\/fieldset>\n<p><span class=\"wpcf7-form-control-wrap\" data-name=\"your-name\"><input size=\"40\" maxlength=\"400\" class=\"wpcf7-form-control wpcf7-text wpcf7-validates-as-required\" aria-required=\"true\" aria-invalid=\"false\" placeholder=\"Nazwa *\" value=\"\" type=\"text\" name=\"your-name\" \/><\/span>\n<\/p>\n<p><span class=\"wpcf7-form-control-wrap\" data-name=\"your-email\"><input size=\"40\" maxlength=\"400\" class=\"wpcf7-form-control wpcf7-email wpcf7-validates-as-required wpcf7-text wpcf7-validates-as-email\" aria-required=\"true\" aria-invalid=\"false\" placeholder=\"Adres e-mail *\" value=\"\" type=\"email\" name=\"your-email\" \/><\/span>\n<\/p>\n<p><span class=\"wpcf7-form-control-wrap\" data-name=\"your-ref\"><input size=\"40\" maxlength=\"400\" class=\"wpcf7-form-control wpcf7-text wpcf7-validates-as-required\" aria-required=\"true\" aria-invalid=\"false\" placeholder=\"Numer zam\u00f3wienia * (np. #64687)\" value=\"\" type=\"text\" name=\"your-ref\" \/><\/span>\n<\/p>\n<p><span class=\"wpcf7-form-control-wrap\" data-name=\"your-website\"><input size=\"40\" maxlength=\"400\" class=\"wpcf7-form-control wpcf7-text wpcf7-validates-as-required\" aria-required=\"true\" aria-invalid=\"false\" placeholder=\"Adres URL strony internetowej *\" value=\"\" type=\"text\" name=\"your-website\" \/><\/span>\n<\/p>\n<p><span class=\"wpcf7-form-control-wrap\" data-name=\"your-message\"><textarea cols=\"40\" rows=\"10\" maxlength=\"30000\" class=\"wpcf7-form-control wpcf7-textarea wpcf7-validates-as-required\" aria-required=\"true\" aria-invalid=\"false\" placeholder=\"Pow\u00f3d \u017c\u0105dania zwrotu pieni\u0119dzy *\" name=\"your-message\"><\/textarea><\/span>\n<\/p>\n<p><input class=\"wpcf7-form-control wpcf7-submit has-spinner\" type=\"submit\" value=\"Z\u0142\u00f3\u017c wniosek\" \/>\n<\/p><div class=\"wpcf7-response-output\" aria-hidden=\"true\"><\/div>\n<input type=\"hidden\" name=\"trp-form-language\" value=\"pl\"\/><\/form>\n<\/div>\n<\/div> \t\t\t<script>\r\n \t\t\t        var theform = document.querySelector('.void-cf7-0');\r\n\t\t\t\t\t\ttheform.addEventListener( 'wpcf7mailsent', function( event ) {\r\n\t\t\t\t\t    location = 'https:\/\/help.fooevents.com\/pl\/contact\/refunds\/';\r\n\t\t\t\t\t}, false );\r\n\t\t\t<\/script>\r\n\r\n\t\t\t\t\t\t<\/div>\n\t\t\t\t<\/div>\n\t\t\t\t\t<\/div>\n\t\t<\/div>\n\t\t\t\t<div class=\"elementor-column elementor-col-25 elementor-top-column elementor-element elementor-element-dcfd098\" data-id=\"dcfd098\" data-element_type=\"column\" data-e-type=\"column\">\n\t\t\t<div class=\"elementor-widget-wrap\">\n\t\t\t\t\t\t\t<\/div>\n\t\t<\/div>\n\t\t\t\t\t<\/div>\n\t\t<\/section>\n\t\t\t\t<\/div>","protected":false},"excerpt":{"rendered":"<p>Refunds 14-Day No Quibble Money-Back Guarantee We are committed to ensuring that you are completely satisfied with your FooEvents purchase and that it\u2019s a good fit for your requirements. As such, we firmly stand behind our products and offer a\u00a0No Quibble Money-Back Guarantee\u00a0if you request a refund within\u00a014 days of the original purchase date (excluding [&hellip;]<\/p>\n","protected":false},"author":1,"featured_media":0,"parent":3210,"menu_order":0,"comment_status":"closed","ping_status":"closed","template":"","meta":{"site-sidebar-layout":"no-sidebar","site-content-layout":"page-builder","ast-site-content-layout":"default","site-content-style":"default","site-sidebar-style":"default","ast-global-header-display":"","ast-banner-title-visibility":"","ast-main-header-display":"","ast-hfb-above-header-display":"","ast-hfb-below-header-display":"","ast-hfb-mobile-header-display":"","site-post-title":"disabled","ast-breadcrumbs-content":"","ast-featured-img":"disabled","footer-sml-layout":"","ast-disable-related-posts":"","theme-transparent-header-meta":"default","adv-header-id-meta":"","stick-header-meta":"default","header-above-stick-meta":"","header-main-stick-meta":"","header-below-stick-meta":"","astra-migrate-meta-layouts":"default","ast-page-background-enabled":"default","ast-page-background-meta":{"desktop":{"background-color":"","background-image":"","background-repeat":"repeat","background-position":"center center","background-size":"auto","background-attachment":"scroll","background-type":"","background-media":"","overlay-type":"","overlay-color":"","overlay-opacity":"","overlay-gradient":""},"tablet":{"background-color":"","background-image":"","background-repeat":"repeat","background-position":"center center","background-size":"auto","background-attachment":"scroll","background-type":"","background-media":"","overlay-type":"","overlay-color":"","overlay-opacity":"","overlay-gradient":""},"mobile":{"background-color":"","background-image":"","background-repeat":"repeat","background-position":"center center","background-size":"auto","background-attachment":"scroll","background-type":"","background-media":"","overlay-type":"","overlay-color":"","overlay-opacity":"","overlay-gradient":""}},"ast-content-background-meta":{"desktop":{"background-color":"var(--ast-global-color-5)","background-image":"","background-repeat":"repeat","background-position":"center center","background-size":"auto","background-attachment":"scroll","background-type":"","background-media":"","overlay-type":"","overlay-color":"","overlay-opacity":"","overlay-gradient":""},"tablet":{"background-color":"var(--ast-global-color-5)","background-image":"","background-repeat":"repeat","background-position":"center center","background-size":"auto","background-attachment":"scroll","background-type":"","background-media":"","overlay-type":"","overlay-color":"","overlay-opacity":"","overlay-gradient":""},"mobile":{"background-color":"var(--ast-global-color-5)","background-image":"","background-repeat":"repeat","background-position":"center center","background-size":"auto","background-attachment":"scroll","background-type":"","background-media":"","overlay-type":"","overlay-color":"","overlay-opacity":"","overlay-gradient":""}},"footnotes":""},"class_list":["post-131618","page","type-page","status-publish","hentry"],"_links":{"self":[{"href":"https:\/\/help.fooevents.com\/pl\/wp-json\/wp\/v2\/pages\/131618","targetHints":{"allow":["GET"]}}],"collection":[{"href":"https:\/\/help.fooevents.com\/pl\/wp-json\/wp\/v2\/pages"}],"about":[{"href":"https:\/\/help.fooevents.com\/pl\/wp-json\/wp\/v2\/types\/page"}],"author":[{"embeddable":true,"href":"https:\/\/help.fooevents.com\/pl\/wp-json\/wp\/v2\/users\/1"}],"replies":[{"embeddable":true,"href":"https:\/\/help.fooevents.com\/pl\/wp-json\/wp\/v2\/comments?post=131618"}],"version-history":[{"count":6,"href":"https:\/\/help.fooevents.com\/pl\/wp-json\/wp\/v2\/pages\/131618\/revisions"}],"predecessor-version":[{"id":147288,"href":"https:\/\/help.fooevents.com\/pl\/wp-json\/wp\/v2\/pages\/131618\/revisions\/147288"}],"up":[{"embeddable":true,"href":"https:\/\/help.fooevents.com\/pl\/wp-json\/wp\/v2\/pages\/3210"}],"wp:attachment":[{"href":"https:\/\/help.fooevents.com\/pl\/wp-json\/wp\/v2\/media?parent=131618"}],"curies":[{"name":"wp","href":"https:\/\/api.w.org\/{rel}","templated":true}]}}