{"id":131611,"date":"2020-09-10T03:04:49","date_gmt":"2020-09-10T09:04:49","guid":{"rendered":"https:\/\/help.fooevents.com\/?page_id=131611"},"modified":"2026-04-03T02:14:26","modified_gmt":"2026-04-03T09:14:26","slug":"pedido-de-desconto-npo","status":"publish","type":"page","link":"https:\/\/help.fooevents.com\/pt\/contact\/npo-discount-application\/","title":{"rendered":"Pedido de desconto NPO"},"content":{"rendered":"<div data-elementor-type=\"wp-page\" data-elementor-id=\"131611\" class=\"elementor elementor-131611\">\n\t\t\t\t\t\t<section class=\"elementor-section elementor-top-section elementor-element elementor-element-2a7196a elementor-section-boxed elementor-section-height-default elementor-section-height-default\" data-id=\"2a7196a\" data-element_type=\"section\" data-e-type=\"section\" data-settings=\"{&quot;background_background&quot;:&quot;classic&quot;}\">\n\t\t\t\t\t\t\t<div class=\"elementor-background-overlay\"><\/div>\n\t\t\t\t\t\t\t<div class=\"elementor-container elementor-column-gap-default\">\n\t\t\t\t\t<div class=\"elementor-column elementor-col-25 elementor-top-column elementor-element elementor-element-b87e2ef\" data-id=\"b87e2ef\" data-element_type=\"column\" data-e-type=\"column\">\n\t\t\t<div class=\"elementor-widget-wrap\">\n\t\t\t\t\t\t\t<\/div>\n\t\t<\/div>\n\t\t\t\t<div class=\"elementor-column elementor-col-50 elementor-top-column elementor-element elementor-element-d571228\" data-id=\"d571228\" data-element_type=\"column\" data-e-type=\"column\">\n\t\t\t<div class=\"elementor-widget-wrap elementor-element-populated\">\n\t\t\t\t\t\t<div class=\"elementor-element elementor-element-28a5bc8 elementor-widget elementor-widget-heading\" data-id=\"28a5bc8\" data-element_type=\"widget\" data-e-type=\"widget\" data-widget_type=\"heading.default\">\n\t\t\t\t<div class=\"elementor-widget-container\">\n\t\t\t\t\t<h2 class=\"elementor-heading-title elementor-size-default\">Pedido de desconto NPO<\/h2>\t\t\t\t<\/div>\n\t\t\t\t<\/div>\n\t\t\t\t<div class=\"elementor-element elementor-element-98e919c elementor-widget elementor-widget-text-editor\" data-id=\"98e919c\" data-element_type=\"widget\" data-e-type=\"widget\" data-widget_type=\"text-editor.default\">\n\t\t\t\t<div class=\"elementor-widget-container\">\n\t\t\t\t\t\t\t\t\t<p>Acreditamos na abordagem \"pay it forward\" para os neg\u00f3cios e para a vida. Como tal, oferecemos \u00e0s Organiza\u00e7\u00f5es Sem Fins Lucrativos (NPO) registadas uma&nbsp;<strong>50% desconto no primeiro ano da sua licen\u00e7a, seguido das taxas de renova\u00e7\u00e3o anuais normais<\/strong>. Para solicitar este desconto, preencha o formul\u00e1rio de candidatura abaixo e, se for bem sucedido, receber\u00e1 um cup\u00e3o de desconto nos pr\u00f3ximos dias que poder\u00e1 utilizar no checkout. Se tiver alguma d\u00favida, por favor&nbsp;<a href=\"https:\/\/www.fooevents.com\/support\/#query\" target=\"_blank\" rel=\"noopener\">contactar-nos<\/a>.&nbsp;<\/p>\t\t\t\t\t\t\t\t<\/div>\n\t\t\t\t<\/div>\n\t\t\t\t<div class=\"elementor-element elementor-element-899a91e elementor-widget elementor-widget-void-section-cf7\" data-id=\"899a91e\" data-element_type=\"widget\" data-e-type=\"widget\" data-widget_type=\"void-section-cf7.default\">\n\t\t\t\t<div class=\"elementor-widget-container\">\n\t\t\t\t\t<div class=\"void-cf7-form-widget-wrapper elementor-shortcode void-cf7-0\" data-void-cf7-contact-form-id=\"10751\">\n<div class=\"wpcf7 no-js\" id=\"wpcf7-f10751-o1\" lang=\"en-US\" dir=\"ltr\" data-wpcf7-id=\"10751\">\n<div class=\"screen-reader-response\"><p role=\"status\" aria-live=\"polite\" aria-atomic=\"true\"><\/p> <ul><\/ul><\/div>\n<form action=\"\/pt\/wp-json\/wp\/v2\/pages\/131611#wpcf7-f10751-o1\" method=\"post\" class=\"wpcf7-form init\" aria-label=\"Formul\u00e1rio de contacto\" novalidate=\"novalidate\" data-status=\"init\" data-trp-original-action=\"\/pt\/wp-json\/wp\/v2\/pages\/131611#wpcf7-f10751-o1\">\n<fieldset class=\"hidden-fields-container\"><input type=\"hidden\" name=\"_wpcf7\" value=\"10751\" \/><input type=\"hidden\" name=\"_wpcf7_version\" value=\"6.1.5\" \/><input type=\"hidden\" name=\"_wpcf7_locale\" value=\"en_US\" \/><input type=\"hidden\" name=\"_wpcf7_unit_tag\" value=\"wpcf7-f10751-o1\" \/><input type=\"hidden\" name=\"_wpcf7_container_post\" value=\"0\" \/><input type=\"hidden\" name=\"_wpcf7_posted_data_hash\" value=\"\" \/><input type=\"hidden\" name=\"_wpcf7_recaptcha_response\" value=\"\" \/>\n<\/fieldset>\n<p><label>Nome da NPO: *<\/label>\n<\/p>\n<p><span class=\"wpcf7-form-control-wrap\" data-name=\"npo-name\"><input size=\"40\" maxlength=\"400\" class=\"wpcf7-form-control wpcf7-text wpcf7-validates-as-required\" aria-required=\"true\" aria-invalid=\"false\" value=\"\" type=\"text\" name=\"npo-name\" \/><\/span>\n<\/p>\n<p><label>S\u00edtio Web da NPO: *<\/label>\n<\/p>\n<p><span class=\"wpcf7-form-control-wrap\" data-name=\"npo-website\"><input size=\"40\" maxlength=\"400\" class=\"wpcf7-form-control wpcf7-text wpcf7-validates-as-required\" aria-required=\"true\" aria-invalid=\"false\" value=\"\" type=\"text\" name=\"npo-website\" \/><\/span>\n<\/p>\n<p><label>N\u00famero de registo da associa\u00e7\u00e3o sem fins lucrativos\/n\u00famero de identifica\u00e7\u00e3o fiscal (EIN): *<\/label>\n<\/p>\n<p><span class=\"wpcf7-form-control-wrap\" data-name=\"npo-id\"><input size=\"40\" maxlength=\"400\" class=\"wpcf7-form-control wpcf7-text wpcf7-validates-as-required\" aria-required=\"true\" aria-invalid=\"false\" value=\"\" type=\"text\" name=\"npo-id\" \/><\/span>\n<\/p>\n<p><label>Nome do representante: *<\/label>\n<\/p>\n<p><span class=\"wpcf7-form-control-wrap\" data-name=\"npo-rep-name\"><input size=\"40\" maxlength=\"400\" class=\"wpcf7-form-control wpcf7-text wpcf7-validates-as-required\" aria-required=\"true\" aria-invalid=\"false\" value=\"\" type=\"text\" name=\"npo-rep-name\" \/><\/span>\n<\/p>\n<p><label>Endere\u00e7o eletr\u00f3nico do representante: *<\/label>\n<\/p>\n<p><span class=\"wpcf7-form-control-wrap\" data-name=\"npo-rep-email\"><input size=\"40\" maxlength=\"400\" class=\"wpcf7-form-control wpcf7-email wpcf7-validates-as-required wpcf7-text wpcf7-validates-as-email\" aria-required=\"true\" aria-invalid=\"false\" value=\"\" type=\"email\" name=\"npo-rep-email\" \/><\/span>\n<\/p>\n<p><label>Fale-nos brevemente da sua organiza\u00e7\u00e3o sem fins lucrativos: *<\/label>\n<\/p>\n<p><span class=\"wpcf7-form-control-wrap\" data-name=\"npo-about\"><textarea cols=\"40\" rows=\"10\" maxlength=\"30000\" class=\"wpcf7-form-control wpcf7-textarea wpcf7-validates-as-required\" aria-required=\"true\" aria-invalid=\"false\" name=\"npo-about\"><\/textarea><\/span>\n<\/p>\n<p><label>Descreva brevemente como tenciona utilizar o FooEvents para a sua associa\u00e7\u00e3o sem fins lucrativos? *<\/label>\n<\/p>\n<p><span class=\"wpcf7-form-control-wrap\" data-name=\"npo-usage\"><textarea cols=\"40\" rows=\"10\" maxlength=\"30000\" class=\"wpcf7-form-control wpcf7-textarea wpcf7-validates-as-required\" aria-required=\"true\" aria-invalid=\"false\" name=\"npo-usage\"><\/textarea><\/span>\n<\/p>\n<p><span><input class=\"wpcf7-form-control wpcf7-submit has-spinner\" type=\"submit\" value=\"Apresentar candidatura\" \/><\/span>\n<\/p><div class=\"wpcf7-response-output\" aria-hidden=\"true\"><\/div>\n<input type=\"hidden\" name=\"trp-form-language\" value=\"pt\"\/><\/form>\n<\/div>\n<\/div> \t\t\t<script>\r\n \t\t\t        var theform = document.querySelector('.void-cf7-0');\r\n\t\t\t\t\t\ttheform.addEventListener( 'wpcf7mailsent', function( event ) {\r\n\t\t\t\t\t    location = 'https:\/\/help.fooevents.com\/pt\/contact\/npo-discount-application\/';\r\n\t\t\t\t\t}, false );\r\n\t\t\t<\/script>\r\n\r\n\t\t\t\t\t\t<\/div>\n\t\t\t\t<\/div>\n\t\t\t\t\t<\/div>\n\t\t<\/div>\n\t\t\t\t<div class=\"elementor-column elementor-col-25 elementor-top-column elementor-element elementor-element-d13143b\" data-id=\"d13143b\" data-element_type=\"column\" data-e-type=\"column\">\n\t\t\t<div class=\"elementor-widget-wrap\">\n\t\t\t\t\t\t\t<\/div>\n\t\t<\/div>\n\t\t\t\t\t<\/div>\n\t\t<\/section>\n\t\t\t\t<\/div>","protected":false},"excerpt":{"rendered":"<p>NPO Discount Application We believe in the \u2018pay it forward\u2019 approach to business and life. As such, we offer registered Nonprofit Organizations (NPO) a&nbsp;50% discount off the first year of your license followed by standard annual renewal fees. To apply for this discount, please complete the application form below, and if successful, you will receive [&hellip;]<\/p>\n","protected":false},"author":1,"featured_media":0,"parent":3210,"menu_order":0,"comment_status":"closed","ping_status":"closed","template":"","meta":{"site-sidebar-layout":"no-sidebar","site-content-layout":"page-builder","ast-site-content-layout":"default","site-content-style":"default","site-sidebar-style":"default","ast-global-header-display":"","ast-banner-title-visibility":"","ast-main-header-display":"","ast-hfb-above-header-display":"","ast-hfb-below-header-display":"","ast-hfb-mobile-header-display":"","site-post-title":"disabled","ast-breadcrumbs-content":"","ast-featured-img":"disabled","footer-sml-layout":"","ast-disable-related-posts":"","theme-transparent-header-meta":"default","adv-header-id-meta":"","stick-header-meta":"default","header-above-stick-meta":"","header-main-stick-meta":"","header-below-stick-meta":"","astra-migrate-meta-layouts":"default","ast-page-background-enabled":"default","ast-page-background-meta":{"desktop":{"background-color":"","background-image":"","background-repeat":"repeat","background-position":"center center","background-size":"auto","background-attachment":"scroll","background-type":"","background-media":"","overlay-type":"","overlay-color":"","overlay-opacity":"","overlay-gradient":""},"tablet":{"background-color":"","background-image":"","background-repeat":"repeat","background-position":"center center","background-size":"auto","background-attachment":"scroll","background-type":"","background-media":"","overlay-type":"","overlay-color":"","overlay-opacity":"","overlay-gradient":""},"mobile":{"background-color":"","background-image":"","background-repeat":"repeat","background-position":"center center","background-size":"auto","background-attachment":"scroll","background-type":"","background-media":"","overlay-type":"","overlay-color":"","overlay-opacity":"","overlay-gradient":""}},"ast-content-background-meta":{"desktop":{"background-color":"var(--ast-global-color-5)","background-image":"","background-repeat":"repeat","background-position":"center center","background-size":"auto","background-attachment":"scroll","background-type":"","background-media":"","overlay-type":"","overlay-color":"","overlay-opacity":"","overlay-gradient":""},"tablet":{"background-color":"var(--ast-global-color-5)","background-image":"","background-repeat":"repeat","background-position":"center center","background-size":"auto","background-attachment":"scroll","background-type":"","background-media":"","overlay-type":"","overlay-color":"","overlay-opacity":"","overlay-gradient":""},"mobile":{"background-color":"var(--ast-global-color-5)","background-image":"","background-repeat":"repeat","background-position":"center center","background-size":"auto","background-attachment":"scroll","background-type":"","background-media":"","overlay-type":"","overlay-color":"","overlay-opacity":"","overlay-gradient":""}},"footnotes":""},"class_list":["post-131611","page","type-page","status-publish","hentry"],"_links":{"self":[{"href":"https:\/\/help.fooevents.com\/pt\/wp-json\/wp\/v2\/pages\/131611","targetHints":{"allow":["GET"]}}],"collection":[{"href":"https:\/\/help.fooevents.com\/pt\/wp-json\/wp\/v2\/pages"}],"about":[{"href":"https:\/\/help.fooevents.com\/pt\/wp-json\/wp\/v2\/types\/page"}],"author":[{"embeddable":true,"href":"https:\/\/help.fooevents.com\/pt\/wp-json\/wp\/v2\/users\/1"}],"replies":[{"embeddable":true,"href":"https:\/\/help.fooevents.com\/pt\/wp-json\/wp\/v2\/comments?post=131611"}],"version-history":[{"count":6,"href":"https:\/\/help.fooevents.com\/pt\/wp-json\/wp\/v2\/pages\/131611\/revisions"}],"predecessor-version":[{"id":147278,"href":"https:\/\/help.fooevents.com\/pt\/wp-json\/wp\/v2\/pages\/131611\/revisions\/147278"}],"up":[{"embeddable":true,"href":"https:\/\/help.fooevents.com\/pt\/wp-json\/wp\/v2\/pages\/3210"}],"wp:attachment":[{"href":"https:\/\/help.fooevents.com\/pt\/wp-json\/wp\/v2\/media?parent=131611"}],"curies":[{"name":"wp","href":"https:\/\/api.w.org\/{rel}","templated":true}]}}