{"id":131618,"date":"2020-09-10T03:15:06","date_gmt":"2020-09-10T09:15:06","guid":{"rendered":"https:\/\/help.fooevents.com\/?page_id=131618"},"modified":"2026-04-03T02:14:43","modified_gmt":"2026-04-03T09:14:43","slug":"reembolsos","status":"publish","type":"page","link":"https:\/\/help.fooevents.com\/pt\/contact\/refunds\/","title":{"rendered":"Reembolsos"},"content":{"rendered":"<div data-elementor-type=\"wp-page\" data-elementor-id=\"131618\" class=\"elementor elementor-131618\">\n\t\t\t\t\t\t<section class=\"elementor-section elementor-top-section elementor-element elementor-element-1a8dc98 elementor-section-boxed elementor-section-height-default elementor-section-height-default\" data-id=\"1a8dc98\" data-element_type=\"section\" data-e-type=\"section\" data-settings=\"{&quot;background_background&quot;:&quot;classic&quot;}\">\n\t\t\t\t\t\t\t<div class=\"elementor-background-overlay\"><\/div>\n\t\t\t\t\t\t\t<div class=\"elementor-container elementor-column-gap-default\">\n\t\t\t\t\t<div class=\"elementor-column elementor-col-25 elementor-top-column elementor-element elementor-element-ee6f29b\" data-id=\"ee6f29b\" data-element_type=\"column\" data-e-type=\"column\">\n\t\t\t<div class=\"elementor-widget-wrap\">\n\t\t\t\t\t\t\t<\/div>\n\t\t<\/div>\n\t\t\t\t<div class=\"elementor-column elementor-col-50 elementor-top-column elementor-element elementor-element-5bdae15\" data-id=\"5bdae15\" data-element_type=\"column\" data-e-type=\"column\">\n\t\t\t<div class=\"elementor-widget-wrap elementor-element-populated\">\n\t\t\t\t\t\t<div class=\"elementor-element elementor-element-b7b7a40 elementor-widget elementor-widget-heading\" data-id=\"b7b7a40\" data-element_type=\"widget\" data-e-type=\"widget\" data-widget_type=\"heading.default\">\n\t\t\t\t<div class=\"elementor-widget-container\">\n\t\t\t\t\t<h2 class=\"elementor-heading-title elementor-size-default\">Reembolsos<\/h2>\t\t\t\t<\/div>\n\t\t\t\t<\/div>\n\t\t\t\t<div class=\"elementor-element elementor-element-a9589a8 elementor-widget elementor-widget-heading\" data-id=\"a9589a8\" data-element_type=\"widget\" data-e-type=\"widget\" data-widget_type=\"heading.default\">\n\t\t\t\t<div class=\"elementor-widget-container\">\n\t\t\t\t\t<p class=\"elementor-heading-title elementor-size-default\">Garantia de reembolso de 14 dias sem problemas<\/p>\t\t\t\t<\/div>\n\t\t\t\t<\/div>\n\t\t\t\t<div class=\"elementor-element elementor-element-7a25d86 elementor-widget elementor-widget-text-editor\" data-id=\"7a25d86\" data-element_type=\"widget\" data-e-type=\"widget\" data-widget_type=\"text-editor.default\">\n\t\t\t\t<div class=\"elementor-widget-container\">\n\t\t\t\t\t\t\t\t\t<p class=\"p1\"><span class=\"s1\">Estamos empenhados em garantir que est\u00e1 completamente satisfeito com a sua compra do FooEvents e que este se adequa \u00e0s suas necessidades.<\/span><\/p><p class=\"p1\"><span class=\"s1\">Como tal, apoiamos firmemente os nossos produtos e oferecemos uma\u00a0<b>Garantia de devolu\u00e7\u00e3o do dinheiro sem problemas<\/b>\u00a0se solicitar um reembolso no prazo de\u00a0<\/span><span class=\"s2\">14 dias a contar da data de compra original (<i>excluindo as renova\u00e7\u00f5es e as licen\u00e7as vital\u00edcias<\/i>)<\/span><span class=\"s1\">\u00a0para que possa comprar qualquer produto FooEvents com confian\u00e7a. No entanto, encorajamo-lo a utilizar primeiro o nosso\u00a0<a href=\"https:\/\/www.fooevents.com\/support\/\" target=\"_blank\" rel=\"noopener\">canais de apoio<\/a>\u00a0se tiver d\u00favidas ou problemas, para que o possamos ajudar a resolver quaisquer quest\u00f5es antes de pedir um reembolso.<\/span><\/p><p class=\"p1\"><span class=\"s1\">Para solicitar um reembolso, por favor preencha o formul\u00e1rio de pedido de reembolso abaixo. Se comprou o plugin FooEvents for WooCommerce atrav\u00e9s de\u00a0<strong>C\u00f3digoCanyon<\/strong>Por favor\u00a0<a href=\"https:\/\/codecanyon.net\/refund_requests\/new\" target=\"_blank\" rel=\"noopener noreferrer nofollow\">apresentar um pedido aqui<\/a>.<\/span><\/p><p class=\"p1\"><span class=\"s1\">Tenha em aten\u00e7\u00e3o que os reembolsos podem demorar at\u00e9 5 dias a serem processados.<\/span><\/p>\t\t\t\t\t\t\t\t<\/div>\n\t\t\t\t<\/div>\n\t\t\t\t<div class=\"elementor-element elementor-element-89a6c3c elementor-widget elementor-widget-void-section-cf7\" data-id=\"89a6c3c\" data-element_type=\"widget\" data-e-type=\"widget\" data-widget_type=\"void-section-cf7.default\">\n\t\t\t\t<div class=\"elementor-widget-container\">\n\t\t\t\t\t<div class=\"void-cf7-form-widget-wrapper elementor-shortcode void-cf7-0\" data-void-cf7-contact-form-id=\"17743\">\n<div class=\"wpcf7 no-js\" id=\"wpcf7-f17743-o1\" lang=\"en-US\" dir=\"ltr\" data-wpcf7-id=\"17743\">\n<div class=\"screen-reader-response\"><p role=\"status\" aria-live=\"polite\" aria-atomic=\"true\"><\/p> <ul><\/ul><\/div>\n<form action=\"\/pt\/wp-json\/wp\/v2\/pages\/131618#wpcf7-f17743-o1\" method=\"post\" class=\"wpcf7-form init\" aria-label=\"Formul\u00e1rio de contacto\" novalidate=\"novalidate\" data-status=\"init\" data-trp-original-action=\"\/pt\/wp-json\/wp\/v2\/pages\/131618#wpcf7-f17743-o1\">\n<fieldset class=\"hidden-fields-container\"><input type=\"hidden\" name=\"_wpcf7\" value=\"17743\" \/><input type=\"hidden\" name=\"_wpcf7_version\" value=\"6.1.5\" \/><input type=\"hidden\" name=\"_wpcf7_locale\" value=\"en_US\" \/><input type=\"hidden\" name=\"_wpcf7_unit_tag\" value=\"wpcf7-f17743-o1\" \/><input type=\"hidden\" name=\"_wpcf7_container_post\" value=\"0\" \/><input type=\"hidden\" name=\"_wpcf7_posted_data_hash\" value=\"\" \/><input type=\"hidden\" name=\"_wpcf7_recaptcha_response\" value=\"\" \/>\n<\/fieldset>\n<p><span class=\"wpcf7-form-control-wrap\" data-name=\"your-name\"><input size=\"40\" maxlength=\"400\" class=\"wpcf7-form-control wpcf7-text wpcf7-validates-as-required\" aria-required=\"true\" aria-invalid=\"false\" placeholder=\"Nome *\" value=\"\" type=\"text\" name=\"your-name\" \/><\/span>\n<\/p>\n<p><span class=\"wpcf7-form-control-wrap\" data-name=\"your-email\"><input size=\"40\" maxlength=\"400\" class=\"wpcf7-form-control wpcf7-email wpcf7-validates-as-required wpcf7-text wpcf7-validates-as-email\" aria-required=\"true\" aria-invalid=\"false\" placeholder=\"Endere\u00e7o de correio eletr\u00f3nico *\" value=\"\" type=\"email\" name=\"your-email\" \/><\/span>\n<\/p>\n<p><span class=\"wpcf7-form-control-wrap\" data-name=\"your-ref\"><input size=\"40\" maxlength=\"400\" class=\"wpcf7-form-control wpcf7-text wpcf7-validates-as-required\" aria-required=\"true\" aria-invalid=\"false\" placeholder=\"N\u00famero de encomenda * (por exemplo, #64687)\" value=\"\" type=\"text\" name=\"your-ref\" \/><\/span>\n<\/p>\n<p><span class=\"wpcf7-form-control-wrap\" data-name=\"your-website\"><input size=\"40\" maxlength=\"400\" class=\"wpcf7-form-control wpcf7-text wpcf7-validates-as-required\" aria-required=\"true\" aria-invalid=\"false\" placeholder=\"URL do s\u00edtio Web *\" value=\"\" type=\"text\" name=\"your-website\" \/><\/span>\n<\/p>\n<p><span class=\"wpcf7-form-control-wrap\" data-name=\"your-message\"><textarea cols=\"40\" rows=\"10\" maxlength=\"30000\" class=\"wpcf7-form-control wpcf7-textarea wpcf7-validates-as-required\" aria-required=\"true\" aria-invalid=\"false\" placeholder=\"Motivo do pedido de reembolso *\" name=\"your-message\"><\/textarea><\/span>\n<\/p>\n<p><input class=\"wpcf7-form-control wpcf7-submit has-spinner\" type=\"submit\" value=\"Enviar pedido\" \/>\n<\/p><div class=\"wpcf7-response-output\" aria-hidden=\"true\"><\/div>\n<input type=\"hidden\" name=\"trp-form-language\" value=\"pt\"\/><\/form>\n<\/div>\n<\/div> \t\t\t<script>\r\n \t\t\t        var theform = document.querySelector('.void-cf7-0');\r\n\t\t\t\t\t\ttheform.addEventListener( 'wpcf7mailsent', function( event ) {\r\n\t\t\t\t\t    location = 'https:\/\/help.fooevents.com\/pt\/contact\/refunds\/';\r\n\t\t\t\t\t}, false );\r\n\t\t\t<\/script>\r\n\r\n\t\t\t\t\t\t<\/div>\n\t\t\t\t<\/div>\n\t\t\t\t\t<\/div>\n\t\t<\/div>\n\t\t\t\t<div class=\"elementor-column elementor-col-25 elementor-top-column elementor-element elementor-element-dcfd098\" data-id=\"dcfd098\" data-element_type=\"column\" data-e-type=\"column\">\n\t\t\t<div class=\"elementor-widget-wrap\">\n\t\t\t\t\t\t\t<\/div>\n\t\t<\/div>\n\t\t\t\t\t<\/div>\n\t\t<\/section>\n\t\t\t\t<\/div>","protected":false},"excerpt":{"rendered":"<p>Refunds 14-Day No Quibble Money-Back Guarantee We are committed to ensuring that you are completely satisfied with your FooEvents purchase and that it\u2019s a good fit for your requirements. As such, we firmly stand behind our products and offer a\u00a0No Quibble Money-Back Guarantee\u00a0if you request a refund within\u00a014 days of the original purchase date (excluding [&hellip;]<\/p>\n","protected":false},"author":1,"featured_media":0,"parent":3210,"menu_order":0,"comment_status":"closed","ping_status":"closed","template":"","meta":{"site-sidebar-layout":"no-sidebar","site-content-layout":"page-builder","ast-site-content-layout":"default","site-content-style":"default","site-sidebar-style":"default","ast-global-header-display":"","ast-banner-title-visibility":"","ast-main-header-display":"","ast-hfb-above-header-display":"","ast-hfb-below-header-display":"","ast-hfb-mobile-header-display":"","site-post-title":"disabled","ast-breadcrumbs-content":"","ast-featured-img":"disabled","footer-sml-layout":"","ast-disable-related-posts":"","theme-transparent-header-meta":"default","adv-header-id-meta":"","stick-header-meta":"default","header-above-stick-meta":"","header-main-stick-meta":"","header-below-stick-meta":"","astra-migrate-meta-layouts":"default","ast-page-background-enabled":"default","ast-page-background-meta":{"desktop":{"background-color":"","background-image":"","background-repeat":"repeat","background-position":"center center","background-size":"auto","background-attachment":"scroll","background-type":"","background-media":"","overlay-type":"","overlay-color":"","overlay-opacity":"","overlay-gradient":""},"tablet":{"background-color":"","background-image":"","background-repeat":"repeat","background-position":"center center","background-size":"auto","background-attachment":"scroll","background-type":"","background-media":"","overlay-type":"","overlay-color":"","overlay-opacity":"","overlay-gradient":""},"mobile":{"background-color":"","background-image":"","background-repeat":"repeat","background-position":"center center","background-size":"auto","background-attachment":"scroll","background-type":"","background-media":"","overlay-type":"","overlay-color":"","overlay-opacity":"","overlay-gradient":""}},"ast-content-background-meta":{"desktop":{"background-color":"var(--ast-global-color-5)","background-image":"","background-repeat":"repeat","background-position":"center center","background-size":"auto","background-attachment":"scroll","background-type":"","background-media":"","overlay-type":"","overlay-color":"","overlay-opacity":"","overlay-gradient":""},"tablet":{"background-color":"var(--ast-global-color-5)","background-image":"","background-repeat":"repeat","background-position":"center center","background-size":"auto","background-attachment":"scroll","background-type":"","background-media":"","overlay-type":"","overlay-color":"","overlay-opacity":"","overlay-gradient":""},"mobile":{"background-color":"var(--ast-global-color-5)","background-image":"","background-repeat":"repeat","background-position":"center center","background-size":"auto","background-attachment":"scroll","background-type":"","background-media":"","overlay-type":"","overlay-color":"","overlay-opacity":"","overlay-gradient":""}},"footnotes":""},"class_list":["post-131618","page","type-page","status-publish","hentry"],"_links":{"self":[{"href":"https:\/\/help.fooevents.com\/pt\/wp-json\/wp\/v2\/pages\/131618","targetHints":{"allow":["GET"]}}],"collection":[{"href":"https:\/\/help.fooevents.com\/pt\/wp-json\/wp\/v2\/pages"}],"about":[{"href":"https:\/\/help.fooevents.com\/pt\/wp-json\/wp\/v2\/types\/page"}],"author":[{"embeddable":true,"href":"https:\/\/help.fooevents.com\/pt\/wp-json\/wp\/v2\/users\/1"}],"replies":[{"embeddable":true,"href":"https:\/\/help.fooevents.com\/pt\/wp-json\/wp\/v2\/comments?post=131618"}],"version-history":[{"count":6,"href":"https:\/\/help.fooevents.com\/pt\/wp-json\/wp\/v2\/pages\/131618\/revisions"}],"predecessor-version":[{"id":147288,"href":"https:\/\/help.fooevents.com\/pt\/wp-json\/wp\/v2\/pages\/131618\/revisions\/147288"}],"up":[{"embeddable":true,"href":"https:\/\/help.fooevents.com\/pt\/wp-json\/wp\/v2\/pages\/3210"}],"wp:attachment":[{"href":"https:\/\/help.fooevents.com\/pt\/wp-json\/wp\/v2\/media?parent=131618"}],"curies":[{"name":"wp","href":"https:\/\/api.w.org\/{rel}","templated":true}]}}